{"id":15737,"date":"2025-05-16T08:37:05","date_gmt":"2025-05-16T08:37:05","guid":{"rendered":"https:\/\/deneigeurquebec.com\/?post_type=product&#038;p=15737"},"modified":"2025-05-16T11:03:48","modified_gmt":"2025-05-16T11:03:48","slug":"asp-125-kit-chasse-neige","status":"publish","type":"product","link":"https:\/\/deneigeurquebec.com\/index.php\/produit\/asp-125-kit-chasse-neige\/","title":{"rendered":"ASP 125 &#8211; Kit chasse neige"},"content":{"rendered":"<div class=\"product-details__grid--item\">\n<h2 class=\"product-details__title\">Pour s\u00e9ries T4, T5 et T6<\/h2>\n<div class=\"product-details__description richtexteditor\">Ainsi m\u00eame l&rsquo;hiver votre tracteur de pelouse reste utile. il se transforme en chasse neige et vous aide \u00e0 \u00e9vacuer la neige. Pour tous les mod\u00e8les des s\u00e9ries T4, T5 et T6.<\/div>\n<\/div>\n","protected":false},"excerpt":{"rendered":"<p>Pour s\u00e9ries T4, T5 et T6 Ainsi m\u00eame l&rsquo;hiver votre tracteur de pelouse reste utile. il se transforme en chasse<\/p>\n","protected":false},"featured_media":15739,"comment_status":"open","ping_status":"closed","template":"","meta":[],"product_brand":[],"product_cat":[72],"product_tag":[],"class_list":{"0":"post-15737","1":"product","2":"type-product","3":"status-publish","4":"has-post-thumbnail","6":"product_cat-chasse-neige","8":"first","9":"instock","10":"shipping-taxable","11":"purchasable","12":"product-type-simple"},"yoast_head":"<!-- This site is optimized with the Yoast SEO Premium plugin v25.3.1 (Yoast SEO v25.3.1) - https:\/\/yoast.com\/wordpress\/plugins\/seo\/ -->\n<title>ASP 125 - Kit chasse neige - DENEIGEURQUEBEC<\/title>\n<meta name=\"robots\" content=\"index, follow, max-snippet:-1, max-image-preview:large, max-video-preview:-1\" \/>\n<link rel=\"canonical\" href=\"https:\/\/deneigeurquebec.com\/index.php\/produit\/asp-125-kit-chasse-neige\/\" \/>\n<meta property=\"og:locale\" content=\"fr_CA\" \/>\n<meta property=\"og:type\" content=\"article\" \/>\n<meta property=\"og:title\" content=\"ASP 125 - Kit chasse neige\" \/>\n<meta property=\"og:description\" content=\"Pour s\u00e9ries T4, T5 et T6 Ainsi m\u00eame l&rsquo;hiver votre tracteur de pelouse reste utile. il se transforme en chasse\" \/>\n<meta property=\"og:url\" content=\"https:\/\/deneigeurquebec.com\/index.php\/produit\/asp-125-kit-chasse-neige\/\" \/>\n<meta property=\"og:site_name\" content=\"DENEIGEURQUEBEC\" \/>\n<meta property=\"article:modified_time\" content=\"2025-05-16T11:03:48+00:00\" \/>\n<meta property=\"og:image\" content=\"https:\/\/deneigeurquebec.com\/wp-content\/uploads\/2025\/05\/img.png\" \/>\n\t<meta property=\"og:image:width\" content=\"1065\" \/>\n\t<meta property=\"og:image:height\" content=\"710\" \/>\n\t<meta property=\"og:image:type\" content=\"image\/png\" \/>\n<meta name=\"twitter:card\" content=\"summary_large_image\" \/>\n<script type=\"application\/ld+json\" class=\"yoast-schema-graph\">{\"@context\":\"https:\/\/schema.org\",\"@graph\":[{\"@type\":\"WebPage\",\"@id\":\"https:\/\/deneigeurquebec.com\/index.php\/produit\/asp-125-kit-chasse-neige\/\",\"url\":\"https:\/\/deneigeurquebec.com\/index.php\/produit\/asp-125-kit-chasse-neige\/\",\"name\":\"ASP 125 - Kit chasse neige - DENEIGEURQUEBEC\",\"isPartOf\":{\"@id\":\"https:\/\/deneigeurquebec.com\/#website\"},\"primaryImageOfPage\":{\"@id\":\"https:\/\/deneigeurquebec.com\/index.php\/produit\/asp-125-kit-chasse-neige\/#primaryimage\"},\"image\":{\"@id\":\"https:\/\/deneigeurquebec.com\/index.php\/produit\/asp-125-kit-chasse-neige\/#primaryimage\"},\"thumbnailUrl\":\"https:\/\/deneigeurquebec.com\/wp-content\/uploads\/2025\/05\/img.png\",\"datePublished\":\"2025-05-16T08:37:05+00:00\",\"dateModified\":\"2025-05-16T11:03:48+00:00\",\"breadcrumb\":{\"@id\":\"https:\/\/deneigeurquebec.com\/index.php\/produit\/asp-125-kit-chasse-neige\/#breadcrumb\"},\"inLanguage\":\"fr-CA\",\"potentialAction\":[{\"@type\":\"ReadAction\",\"target\":[\"https:\/\/deneigeurquebec.com\/index.php\/produit\/asp-125-kit-chasse-neige\/\"]}]},{\"@type\":\"ImageObject\",\"inLanguage\":\"fr-CA\",\"@id\":\"https:\/\/deneigeurquebec.com\/index.php\/produit\/asp-125-kit-chasse-neige\/#primaryimage\",\"url\":\"https:\/\/deneigeurquebec.com\/wp-content\/uploads\/2025\/05\/img.png\",\"contentUrl\":\"https:\/\/deneigeurquebec.com\/wp-content\/uploads\/2025\/05\/img.png\",\"width\":1065,\"height\":710},{\"@type\":\"BreadcrumbList\",\"@id\":\"https:\/\/deneigeurquebec.com\/index.php\/produit\/asp-125-kit-chasse-neige\/#breadcrumb\",\"itemListElement\":[{\"@type\":\"ListItem\",\"position\":1,\"name\":\"Accueil\",\"item\":\"https:\/\/deneigeurquebec.com\/\"},{\"@type\":\"ListItem\",\"position\":2,\"name\":\"Shop\",\"item\":\"https:\/\/deneigeurquebec.com\/index.php\/shop\/\"},{\"@type\":\"ListItem\",\"position\":3,\"name\":\"ASP 125 &#8211; Kit chasse neige\"}]},{\"@type\":\"WebSite\",\"@id\":\"https:\/\/deneigeurquebec.com\/#website\",\"url\":\"https:\/\/deneigeurquebec.com\/\",\"name\":\"DENEIGEURQUEBEC\",\"description\":\"PRODUITS HAUT DE GAMME\",\"publisher\":{\"@id\":\"https:\/\/deneigeurquebec.com\/#organization\"},\"potentialAction\":[{\"@type\":\"SearchAction\",\"target\":{\"@type\":\"EntryPoint\",\"urlTemplate\":\"https:\/\/deneigeurquebec.com\/?s={search_term_string}\"},\"query-input\":{\"@type\":\"PropertyValueSpecification\",\"valueRequired\":true,\"valueName\":\"search_term_string\"}}],\"inLanguage\":\"fr-CA\"},{\"@type\":\"Organization\",\"@id\":\"https:\/\/deneigeurquebec.com\/#organization\",\"name\":\"DENEIGEURQUEBEC\",\"url\":\"https:\/\/deneigeurquebec.com\/\",\"logo\":{\"@type\":\"ImageObject\",\"inLanguage\":\"fr-CA\",\"@id\":\"https:\/\/deneigeurquebec.com\/#\/schema\/logo\/image\/\",\"url\":\"https:\/\/deneigeurquebec.com\/wp-content\/uploads\/2025\/05\/Sans-titre-365-x-100-px-1.png\",\"contentUrl\":\"https:\/\/deneigeurquebec.com\/wp-content\/uploads\/2025\/05\/Sans-titre-365-x-100-px-1.png\",\"width\":365,\"height\":100,\"caption\":\"DENEIGEURQUEBEC\"},\"image\":{\"@id\":\"https:\/\/deneigeurquebec.com\/#\/schema\/logo\/image\/\"}}]}<\/script>\n<!-- \/ Yoast SEO Premium plugin. -->","yoast_head_json":{"title":"ASP 125 - Kit chasse neige - DENEIGEURQUEBEC","robots":{"index":"index","follow":"follow","max-snippet":"max-snippet:-1","max-image-preview":"max-image-preview:large","max-video-preview":"max-video-preview:-1"},"canonical":"https:\/\/deneigeurquebec.com\/index.php\/produit\/asp-125-kit-chasse-neige\/","og_locale":"fr_CA","og_type":"article","og_title":"ASP 125 - Kit chasse neige","og_description":"Pour s\u00e9ries T4, T5 et T6 Ainsi m\u00eame l&rsquo;hiver votre tracteur de pelouse reste utile. il se transforme en chasse","og_url":"https:\/\/deneigeurquebec.com\/index.php\/produit\/asp-125-kit-chasse-neige\/","og_site_name":"DENEIGEURQUEBEC","article_modified_time":"2025-05-16T11:03:48+00:00","og_image":[{"width":1065,"height":710,"url":"https:\/\/deneigeurquebec.com\/wp-content\/uploads\/2025\/05\/img.png","type":"image\/png"}],"twitter_card":"summary_large_image","schema":{"@context":"https:\/\/schema.org","@graph":[{"@type":"WebPage","@id":"https:\/\/deneigeurquebec.com\/index.php\/produit\/asp-125-kit-chasse-neige\/","url":"https:\/\/deneigeurquebec.com\/index.php\/produit\/asp-125-kit-chasse-neige\/","name":"ASP 125 - Kit chasse neige - DENEIGEURQUEBEC","isPartOf":{"@id":"https:\/\/deneigeurquebec.com\/#website"},"primaryImageOfPage":{"@id":"https:\/\/deneigeurquebec.com\/index.php\/produit\/asp-125-kit-chasse-neige\/#primaryimage"},"image":{"@id":"https:\/\/deneigeurquebec.com\/index.php\/produit\/asp-125-kit-chasse-neige\/#primaryimage"},"thumbnailUrl":"https:\/\/deneigeurquebec.com\/wp-content\/uploads\/2025\/05\/img.png","datePublished":"2025-05-16T08:37:05+00:00","dateModified":"2025-05-16T11:03:48+00:00","breadcrumb":{"@id":"https:\/\/deneigeurquebec.com\/index.php\/produit\/asp-125-kit-chasse-neige\/#breadcrumb"},"inLanguage":"fr-CA","potentialAction":[{"@type":"ReadAction","target":["https:\/\/deneigeurquebec.com\/index.php\/produit\/asp-125-kit-chasse-neige\/"]}]},{"@type":"ImageObject","inLanguage":"fr-CA","@id":"https:\/\/deneigeurquebec.com\/index.php\/produit\/asp-125-kit-chasse-neige\/#primaryimage","url":"https:\/\/deneigeurquebec.com\/wp-content\/uploads\/2025\/05\/img.png","contentUrl":"https:\/\/deneigeurquebec.com\/wp-content\/uploads\/2025\/05\/img.png","width":1065,"height":710},{"@type":"BreadcrumbList","@id":"https:\/\/deneigeurquebec.com\/index.php\/produit\/asp-125-kit-chasse-neige\/#breadcrumb","itemListElement":[{"@type":"ListItem","position":1,"name":"Accueil","item":"https:\/\/deneigeurquebec.com\/"},{"@type":"ListItem","position":2,"name":"Shop","item":"https:\/\/deneigeurquebec.com\/index.php\/shop\/"},{"@type":"ListItem","position":3,"name":"ASP 125 &#8211; Kit chasse neige"}]},{"@type":"WebSite","@id":"https:\/\/deneigeurquebec.com\/#website","url":"https:\/\/deneigeurquebec.com\/","name":"DENEIGEURQUEBEC","description":"PRODUITS HAUT DE GAMME","publisher":{"@id":"https:\/\/deneigeurquebec.com\/#organization"},"potentialAction":[{"@type":"SearchAction","target":{"@type":"EntryPoint","urlTemplate":"https:\/\/deneigeurquebec.com\/?s={search_term_string}"},"query-input":{"@type":"PropertyValueSpecification","valueRequired":true,"valueName":"search_term_string"}}],"inLanguage":"fr-CA"},{"@type":"Organization","@id":"https:\/\/deneigeurquebec.com\/#organization","name":"DENEIGEURQUEBEC","url":"https:\/\/deneigeurquebec.com\/","logo":{"@type":"ImageObject","inLanguage":"fr-CA","@id":"https:\/\/deneigeurquebec.com\/#\/schema\/logo\/image\/","url":"https:\/\/deneigeurquebec.com\/wp-content\/uploads\/2025\/05\/Sans-titre-365-x-100-px-1.png","contentUrl":"https:\/\/deneigeurquebec.com\/wp-content\/uploads\/2025\/05\/Sans-titre-365-x-100-px-1.png","width":365,"height":100,"caption":"DENEIGEURQUEBEC"},"image":{"@id":"https:\/\/deneigeurquebec.com\/#\/schema\/logo\/image\/"}}]}},"_links":{"self":[{"href":"https:\/\/deneigeurquebec.com\/index.php\/wp-json\/wp\/v2\/product\/15737","targetHints":{"allow":["GET"]}}],"collection":[{"href":"https:\/\/deneigeurquebec.com\/index.php\/wp-json\/wp\/v2\/product"}],"about":[{"href":"https:\/\/deneigeurquebec.com\/index.php\/wp-json\/wp\/v2\/types\/product"}],"replies":[{"embeddable":true,"href":"https:\/\/deneigeurquebec.com\/index.php\/wp-json\/wp\/v2\/comments?post=15737"}],"version-history":[{"count":1,"href":"https:\/\/deneigeurquebec.com\/index.php\/wp-json\/wp\/v2\/product\/15737\/revisions"}],"predecessor-version":[{"id":15738,"href":"https:\/\/deneigeurquebec.com\/index.php\/wp-json\/wp\/v2\/product\/15737\/revisions\/15738"}],"wp:featuredmedia":[{"embeddable":true,"href":"https:\/\/deneigeurquebec.com\/index.php\/wp-json\/wp\/v2\/media\/15739"}],"wp:attachment":[{"href":"https:\/\/deneigeurquebec.com\/index.php\/wp-json\/wp\/v2\/media?parent=15737"}],"wp:term":[{"taxonomy":"product_brand","embeddable":true,"href":"https:\/\/deneigeurquebec.com\/index.php\/wp-json\/wp\/v2\/product_brand?post=15737"},{"taxonomy":"product_cat","embeddable":true,"href":"https:\/\/deneigeurquebec.com\/index.php\/wp-json\/wp\/v2\/product_cat?post=15737"},{"taxonomy":"product_tag","embeddable":true,"href":"https:\/\/deneigeurquebec.com\/index.php\/wp-json\/wp\/v2\/product_tag?post=15737"}],"curies":[{"name":"wp","href":"https:\/\/api.w.org\/{rel}","templated":true}]}}