{"id":15665,"date":"2025-05-15T16:05:06","date_gmt":"2025-05-15T16:05:06","guid":{"rendered":"https:\/\/deneigeurquebec.com\/?post_type=product&#038;p=15665"},"modified":"2025-05-15T16:05:06","modified_gmt":"2025-05-15T16:05:06","slug":"chasse-neige-nordic-plow-de-64-po-x-195-po","status":"publish","type":"product","link":"https:\/\/deneigeurquebec.com\/index.php\/produit\/chasse-neige-nordic-plow-de-64-po-x-195-po\/","title":{"rendered":"Chasse-neige Nordic Plow de 64 po x 19,5 po"},"content":{"rendered":"<p class=\"\" data-start=\"164\" data-end=\"635\">Le chasse-neige Nordic Plow de 64 po x 19,5 po avec attelage est con\u00e7u pour les v\u00e9hicules utilitaires (UTV) \u00e9quip\u00e9s d\u2019un r\u00e9cepteur d\u2019attelage int\u00e9gr\u00e9. Il est muni de notre lame brevet\u00e9e \u00e0 bord arrondi, fabriqu\u00e9e en mat\u00e9riau composite PC\/ABS exclusif, qui allie l\u00e9g\u00e8ret\u00e9 et robustesse. Contrairement aux lames en acier tranchantes, cette lame glisse facilement sur des surfaces difficiles comme les pav\u00e9s, le gravier, la pelouse ou les trottoirs fissur\u00e9s, sans les ab\u00eemer.<\/p>\n<p class=\"\" data-start=\"637\" data-end=\"1082\">Parfait pour une utilisation toute l\u2019ann\u00e9e, ce chasse-neige vous permet de d\u00e9gager non seulement la neige, mais aussi les d\u00e9chets de jardin, le sable ou tout autre mat\u00e9riau. Son syst\u00e8me de ressort \u00e0 recul int\u00e9gr\u00e9 prot\u00e8ge votre machine et la lame en cas de surcharge en faisant basculer la lame vers l\u2019avant \u2013 un signal clair que la charge est excessive. Le Nordic Plow assure un travail efficace tout en prolongeant la dur\u00e9e de vie de votre UTV.<\/p>\n","protected":false},"excerpt":{"rendered":"<p>Chasse-neige Nordic Plow 64 po pour UTV avec attelage \u2013 lame arrondie anti-dommage, id\u00e9ale pour surfaces irr\u00e9guli\u00e8res, syst\u00e8me de recul \u00e0 ressort. Utilisable toute l\u2019ann\u00e9e !<\/p>\n","protected":false},"featured_media":15667,"comment_status":"open","ping_status":"closed","template":"","meta":[],"product_brand":[],"product_cat":[72],"product_tag":[],"class_list":{"0":"post-15665","1":"product","2":"type-product","3":"status-publish","4":"has-post-thumbnail","6":"product_cat-chasse-neige","8":"first","9":"instock","10":"shipping-taxable","11":"purchasable","12":"product-type-simple"},"yoast_head":"<!-- This site is optimized with the Yoast SEO Premium plugin v25.3.1 (Yoast SEO v25.3.1) - https:\/\/yoast.com\/wordpress\/plugins\/seo\/ -->\n<title>Chasse-neige Nordic Plow de 64 po x 19,5 po - DENEIGEURQUEBEC<\/title>\n<meta name=\"robots\" content=\"index, follow, max-snippet:-1, max-image-preview:large, max-video-preview:-1\" \/>\n<link rel=\"canonical\" href=\"https:\/\/deneigeurquebec.com\/index.php\/produit\/chasse-neige-nordic-plow-de-64-po-x-195-po\/\" \/>\n<meta property=\"og:locale\" content=\"fr_CA\" \/>\n<meta property=\"og:type\" content=\"article\" \/>\n<meta property=\"og:title\" content=\"Chasse-neige Nordic Plow de 64 po x 19,5 po\" \/>\n<meta property=\"og:description\" content=\"Chasse-neige Nordic Plow 64 po pour UTV avec attelage \u2013 lame arrondie anti-dommage, id\u00e9ale pour surfaces irr\u00e9guli\u00e8res, syst\u00e8me de recul \u00e0 ressort. Utilisable toute l\u2019ann\u00e9e !\" \/>\n<meta property=\"og:url\" content=\"https:\/\/deneigeurquebec.com\/index.php\/produit\/chasse-neige-nordic-plow-de-64-po-x-195-po\/\" \/>\n<meta property=\"og:site_name\" content=\"DENEIGEURQUEBEC\" \/>\n<meta property=\"og:image\" content=\"https:\/\/deneigeurquebec.com\/wp-content\/uploads\/2025\/05\/NO5_NP64SUH_01.png\" \/>\n\t<meta property=\"og:image:width\" content=\"500\" \/>\n\t<meta property=\"og:image:height\" content=\"500\" \/>\n\t<meta property=\"og:image:type\" content=\"image\/png\" \/>\n<meta name=\"twitter:card\" content=\"summary_large_image\" \/>\n<meta name=\"twitter:label1\" content=\"Estimation du temps de lecture\" \/>\n\t<meta name=\"twitter:data1\" content=\"1 minute\" \/>\n<script type=\"application\/ld+json\" class=\"yoast-schema-graph\">{\"@context\":\"https:\/\/schema.org\",\"@graph\":[{\"@type\":\"WebPage\",\"@id\":\"https:\/\/deneigeurquebec.com\/index.php\/produit\/chasse-neige-nordic-plow-de-64-po-x-195-po\/\",\"url\":\"https:\/\/deneigeurquebec.com\/index.php\/produit\/chasse-neige-nordic-plow-de-64-po-x-195-po\/\",\"name\":\"Chasse-neige Nordic Plow de 64 po x 19,5 po - DENEIGEURQUEBEC\",\"isPartOf\":{\"@id\":\"https:\/\/deneigeurquebec.com\/#website\"},\"primaryImageOfPage\":{\"@id\":\"https:\/\/deneigeurquebec.com\/index.php\/produit\/chasse-neige-nordic-plow-de-64-po-x-195-po\/#primaryimage\"},\"image\":{\"@id\":\"https:\/\/deneigeurquebec.com\/index.php\/produit\/chasse-neige-nordic-plow-de-64-po-x-195-po\/#primaryimage\"},\"thumbnailUrl\":\"https:\/\/deneigeurquebec.com\/wp-content\/uploads\/2025\/05\/NO5_NP64SUH_01.png\",\"datePublished\":\"2025-05-15T16:05:06+00:00\",\"breadcrumb\":{\"@id\":\"https:\/\/deneigeurquebec.com\/index.php\/produit\/chasse-neige-nordic-plow-de-64-po-x-195-po\/#breadcrumb\"},\"inLanguage\":\"fr-CA\",\"potentialAction\":[{\"@type\":\"ReadAction\",\"target\":[\"https:\/\/deneigeurquebec.com\/index.php\/produit\/chasse-neige-nordic-plow-de-64-po-x-195-po\/\"]}]},{\"@type\":\"ImageObject\",\"inLanguage\":\"fr-CA\",\"@id\":\"https:\/\/deneigeurquebec.com\/index.php\/produit\/chasse-neige-nordic-plow-de-64-po-x-195-po\/#primaryimage\",\"url\":\"https:\/\/deneigeurquebec.com\/wp-content\/uploads\/2025\/05\/NO5_NP64SUH_01.png\",\"contentUrl\":\"https:\/\/deneigeurquebec.com\/wp-content\/uploads\/2025\/05\/NO5_NP64SUH_01.png\",\"width\":500,\"height\":500},{\"@type\":\"BreadcrumbList\",\"@id\":\"https:\/\/deneigeurquebec.com\/index.php\/produit\/chasse-neige-nordic-plow-de-64-po-x-195-po\/#breadcrumb\",\"itemListElement\":[{\"@type\":\"ListItem\",\"position\":1,\"name\":\"Accueil\",\"item\":\"https:\/\/deneigeurquebec.com\/\"},{\"@type\":\"ListItem\",\"position\":2,\"name\":\"Shop\",\"item\":\"https:\/\/deneigeurquebec.com\/index.php\/shop\/\"},{\"@type\":\"ListItem\",\"position\":3,\"name\":\"Chasse-neige Nordic Plow de 64 po x 19,5 po\"}]},{\"@type\":\"WebSite\",\"@id\":\"https:\/\/deneigeurquebec.com\/#website\",\"url\":\"https:\/\/deneigeurquebec.com\/\",\"name\":\"DENEIGEURQUEBEC\",\"description\":\"PRODUITS HAUT DE GAMME\",\"publisher\":{\"@id\":\"https:\/\/deneigeurquebec.com\/#organization\"},\"potentialAction\":[{\"@type\":\"SearchAction\",\"target\":{\"@type\":\"EntryPoint\",\"urlTemplate\":\"https:\/\/deneigeurquebec.com\/?s={search_term_string}\"},\"query-input\":{\"@type\":\"PropertyValueSpecification\",\"valueRequired\":true,\"valueName\":\"search_term_string\"}}],\"inLanguage\":\"fr-CA\"},{\"@type\":\"Organization\",\"@id\":\"https:\/\/deneigeurquebec.com\/#organization\",\"name\":\"DENEIGEURQUEBEC\",\"url\":\"https:\/\/deneigeurquebec.com\/\",\"logo\":{\"@type\":\"ImageObject\",\"inLanguage\":\"fr-CA\",\"@id\":\"https:\/\/deneigeurquebec.com\/#\/schema\/logo\/image\/\",\"url\":\"https:\/\/deneigeurquebec.com\/wp-content\/uploads\/2025\/05\/Sans-titre-365-x-100-px-1.png\",\"contentUrl\":\"https:\/\/deneigeurquebec.com\/wp-content\/uploads\/2025\/05\/Sans-titre-365-x-100-px-1.png\",\"width\":365,\"height\":100,\"caption\":\"DENEIGEURQUEBEC\"},\"image\":{\"@id\":\"https:\/\/deneigeurquebec.com\/#\/schema\/logo\/image\/\"}}]}<\/script>\n<!-- \/ Yoast SEO Premium plugin. -->","yoast_head_json":{"title":"Chasse-neige Nordic Plow de 64 po x 19,5 po - DENEIGEURQUEBEC","robots":{"index":"index","follow":"follow","max-snippet":"max-snippet:-1","max-image-preview":"max-image-preview:large","max-video-preview":"max-video-preview:-1"},"canonical":"https:\/\/deneigeurquebec.com\/index.php\/produit\/chasse-neige-nordic-plow-de-64-po-x-195-po\/","og_locale":"fr_CA","og_type":"article","og_title":"Chasse-neige Nordic Plow de 64 po x 19,5 po","og_description":"Chasse-neige Nordic Plow 64 po pour UTV avec attelage \u2013 lame arrondie anti-dommage, id\u00e9ale pour surfaces irr\u00e9guli\u00e8res, syst\u00e8me de recul \u00e0 ressort. Utilisable toute l\u2019ann\u00e9e !","og_url":"https:\/\/deneigeurquebec.com\/index.php\/produit\/chasse-neige-nordic-plow-de-64-po-x-195-po\/","og_site_name":"DENEIGEURQUEBEC","og_image":[{"width":500,"height":500,"url":"https:\/\/deneigeurquebec.com\/wp-content\/uploads\/2025\/05\/NO5_NP64SUH_01.png","type":"image\/png"}],"twitter_card":"summary_large_image","twitter_misc":{"Estimation du temps de lecture":"1 minute"},"schema":{"@context":"https:\/\/schema.org","@graph":[{"@type":"WebPage","@id":"https:\/\/deneigeurquebec.com\/index.php\/produit\/chasse-neige-nordic-plow-de-64-po-x-195-po\/","url":"https:\/\/deneigeurquebec.com\/index.php\/produit\/chasse-neige-nordic-plow-de-64-po-x-195-po\/","name":"Chasse-neige Nordic Plow de 64 po x 19,5 po - DENEIGEURQUEBEC","isPartOf":{"@id":"https:\/\/deneigeurquebec.com\/#website"},"primaryImageOfPage":{"@id":"https:\/\/deneigeurquebec.com\/index.php\/produit\/chasse-neige-nordic-plow-de-64-po-x-195-po\/#primaryimage"},"image":{"@id":"https:\/\/deneigeurquebec.com\/index.php\/produit\/chasse-neige-nordic-plow-de-64-po-x-195-po\/#primaryimage"},"thumbnailUrl":"https:\/\/deneigeurquebec.com\/wp-content\/uploads\/2025\/05\/NO5_NP64SUH_01.png","datePublished":"2025-05-15T16:05:06+00:00","breadcrumb":{"@id":"https:\/\/deneigeurquebec.com\/index.php\/produit\/chasse-neige-nordic-plow-de-64-po-x-195-po\/#breadcrumb"},"inLanguage":"fr-CA","potentialAction":[{"@type":"ReadAction","target":["https:\/\/deneigeurquebec.com\/index.php\/produit\/chasse-neige-nordic-plow-de-64-po-x-195-po\/"]}]},{"@type":"ImageObject","inLanguage":"fr-CA","@id":"https:\/\/deneigeurquebec.com\/index.php\/produit\/chasse-neige-nordic-plow-de-64-po-x-195-po\/#primaryimage","url":"https:\/\/deneigeurquebec.com\/wp-content\/uploads\/2025\/05\/NO5_NP64SUH_01.png","contentUrl":"https:\/\/deneigeurquebec.com\/wp-content\/uploads\/2025\/05\/NO5_NP64SUH_01.png","width":500,"height":500},{"@type":"BreadcrumbList","@id":"https:\/\/deneigeurquebec.com\/index.php\/produit\/chasse-neige-nordic-plow-de-64-po-x-195-po\/#breadcrumb","itemListElement":[{"@type":"ListItem","position":1,"name":"Accueil","item":"https:\/\/deneigeurquebec.com\/"},{"@type":"ListItem","position":2,"name":"Shop","item":"https:\/\/deneigeurquebec.com\/index.php\/shop\/"},{"@type":"ListItem","position":3,"name":"Chasse-neige Nordic Plow de 64 po x 19,5 po"}]},{"@type":"WebSite","@id":"https:\/\/deneigeurquebec.com\/#website","url":"https:\/\/deneigeurquebec.com\/","name":"DENEIGEURQUEBEC","description":"PRODUITS HAUT DE GAMME","publisher":{"@id":"https:\/\/deneigeurquebec.com\/#organization"},"potentialAction":[{"@type":"SearchAction","target":{"@type":"EntryPoint","urlTemplate":"https:\/\/deneigeurquebec.com\/?s={search_term_string}"},"query-input":{"@type":"PropertyValueSpecification","valueRequired":true,"valueName":"search_term_string"}}],"inLanguage":"fr-CA"},{"@type":"Organization","@id":"https:\/\/deneigeurquebec.com\/#organization","name":"DENEIGEURQUEBEC","url":"https:\/\/deneigeurquebec.com\/","logo":{"@type":"ImageObject","inLanguage":"fr-CA","@id":"https:\/\/deneigeurquebec.com\/#\/schema\/logo\/image\/","url":"https:\/\/deneigeurquebec.com\/wp-content\/uploads\/2025\/05\/Sans-titre-365-x-100-px-1.png","contentUrl":"https:\/\/deneigeurquebec.com\/wp-content\/uploads\/2025\/05\/Sans-titre-365-x-100-px-1.png","width":365,"height":100,"caption":"DENEIGEURQUEBEC"},"image":{"@id":"https:\/\/deneigeurquebec.com\/#\/schema\/logo\/image\/"}}]}},"_links":{"self":[{"href":"https:\/\/deneigeurquebec.com\/index.php\/wp-json\/wp\/v2\/product\/15665","targetHints":{"allow":["GET"]}}],"collection":[{"href":"https:\/\/deneigeurquebec.com\/index.php\/wp-json\/wp\/v2\/product"}],"about":[{"href":"https:\/\/deneigeurquebec.com\/index.php\/wp-json\/wp\/v2\/types\/product"}],"replies":[{"embeddable":true,"href":"https:\/\/deneigeurquebec.com\/index.php\/wp-json\/wp\/v2\/comments?post=15665"}],"version-history":[{"count":1,"href":"https:\/\/deneigeurquebec.com\/index.php\/wp-json\/wp\/v2\/product\/15665\/revisions"}],"predecessor-version":[{"id":15670,"href":"https:\/\/deneigeurquebec.com\/index.php\/wp-json\/wp\/v2\/product\/15665\/revisions\/15670"}],"wp:featuredmedia":[{"embeddable":true,"href":"https:\/\/deneigeurquebec.com\/index.php\/wp-json\/wp\/v2\/media\/15667"}],"wp:attachment":[{"href":"https:\/\/deneigeurquebec.com\/index.php\/wp-json\/wp\/v2\/media?parent=15665"}],"wp:term":[{"taxonomy":"product_brand","embeddable":true,"href":"https:\/\/deneigeurquebec.com\/index.php\/wp-json\/wp\/v2\/product_brand?post=15665"},{"taxonomy":"product_cat","embeddable":true,"href":"https:\/\/deneigeurquebec.com\/index.php\/wp-json\/wp\/v2\/product_cat?post=15665"},{"taxonomy":"product_tag","embeddable":true,"href":"https:\/\/deneigeurquebec.com\/index.php\/wp-json\/wp\/v2\/product_tag?post=15665"}],"curies":[{"name":"wp","href":"https:\/\/api.w.org\/{rel}","templated":true}]}}