{"id":15656,"date":"2025-05-15T15:27:38","date_gmt":"2025-05-15T15:27:38","guid":{"rendered":"https:\/\/deneigeurquebec.com\/?post_type=product&#038;p=15656"},"modified":"2026-04-23T19:06:24","modified_gmt":"2026-04-23T19:06:24","slug":"lame-de-deneigement-nordic-plow-49-po-x-195-po","status":"publish","type":"product","link":"https:\/\/deneigeurquebec.com\/index.php\/produit\/lame-de-deneigement-nordic-plow-49-po-x-195-po\/","title":{"rendered":"Lame de d\u00e9neigement Nordic Plow 49 po x 19,5 po"},"content":{"rendered":"<h3 class=\"\" data-start=\"144\" data-end=\"224\"><strong data-start=\"148\" data-end=\"224\">Lame de d\u00e9neigement Nordic Plow 49 po x 19,5 po pour tracteur de pelouse<\/strong><\/h3>\n<p class=\"\" data-start=\"226\" data-end=\"713\">La lame de d\u00e9neigement pour tracteur de pelouse <strong data-start=\"274\" data-end=\"298\">Nordic Plow de 49 po<\/strong> est con\u00e7ue pour offrir performance et polyvalence toute l\u2019ann\u00e9e. Elle est dot\u00e9e d\u2019une lame brevet\u00e9e l\u00e9g\u00e8re \u00e0 bord arrondi fabriqu\u00e9e \u00e0 partir d\u2019un mat\u00e9riau composite exclusif PC\/ABS, \u00e9vitant les dommages aux surfaces d\u00e9licates. Contrairement aux lames en acier aux bords tranchants, ce bord arrondi permet \u00e0 la lame de glisser facilement sur la pierre, les pav\u00e9s, le gravier, la pelouse ou les fissures de trottoir.<\/p>\n<p class=\"\" data-start=\"715\" data-end=\"972\">Ce mod\u00e8le est livr\u00e9 avec <strong data-start=\"740\" data-end=\"792\">tous les composants n\u00e9cessaires \u00e0 l\u2019installation<\/strong> sur votre tracteur de pelouse. Gr\u00e2ce \u00e0 son <strong data-start=\"836\" data-end=\"869\">syst\u00e8me \u00e0 ressorts de flexion<\/strong>, la lame se plie vers l\u2019avant en cas de surcharge, prot\u00e9geant ainsi votre machine contre les dommages.<\/p>\n<p class=\"\" data-start=\"974\" data-end=\"1137\">Polyvalente, cette lame peut \u00eatre utilis\u00e9e en toutes saisons pour <strong data-start=\"1040\" data-end=\"1052\">d\u00e9neiger<\/strong>, mais aussi pour d\u00e9gager les <strong data-start=\"1082\" data-end=\"1136\">d\u00e9bris de jardin, sable, terre ou autres mat\u00e9riaux<\/strong>.<\/p>\n","protected":false},"excerpt":{"rendered":"<p class=\"\" data-start=\"1172\" data-end=\"1348\">Lame de d\u00e9neigement Nordic Plow 49 po pour tracteur \u2013 lame l\u00e9g\u00e8re \u00e0 bord arrondi, syst\u00e8me \u00e0 ressorts de s\u00e9curit\u00e9, id\u00e9ale pour surfaces irr\u00e9guli\u00e8res et utilisable toute l\u2019ann\u00e9e.<\/p>\n","protected":false},"featured_media":15657,"comment_status":"open","ping_status":"closed","template":"","meta":[],"product_brand":[],"product_cat":[72],"product_tag":[],"class_list":{"0":"post-15656","1":"product","2":"type-product","3":"status-publish","4":"has-post-thumbnail","6":"product_cat-chasse-neige","8":"first","9":"instock","10":"shipping-taxable","11":"purchasable","12":"product-type-simple"},"yoast_head":"<!-- This site is optimized with the Yoast SEO Premium plugin v25.3.1 (Yoast SEO v27.4) - https:\/\/yoast.com\/product\/yoast-seo-premium-wordpress\/ -->\n<title>Lame de d\u00e9neigement Nordic Plow 49 po x 19,5 po - DENEIGEURQUEBEC<\/title>\n<meta name=\"robots\" content=\"index, follow, max-snippet:-1, max-image-preview:large, max-video-preview:-1\" \/>\n<link rel=\"canonical\" href=\"https:\/\/deneigeurquebec.com\/index.php\/produit\/lame-de-deneigement-nordic-plow-49-po-x-195-po\/\" \/>\n<meta property=\"og:locale\" content=\"fr_CA\" \/>\n<meta property=\"og:type\" content=\"article\" \/>\n<meta property=\"og:title\" content=\"Lame de d\u00e9neigement Nordic Plow 49 po x 19,5 po\" \/>\n<meta property=\"og:description\" content=\"Lame de d\u00e9neigement Nordic Plow 49 po pour tracteur \u2013 lame l\u00e9g\u00e8re \u00e0 bord arrondi, syst\u00e8me \u00e0 ressorts de s\u00e9curit\u00e9, id\u00e9ale pour surfaces irr\u00e9guli\u00e8res et utilisable toute l\u2019ann\u00e9e.\" \/>\n<meta property=\"og:url\" content=\"https:\/\/deneigeurquebec.com\/index.php\/produit\/lame-de-deneigement-nordic-plow-49-po-x-195-po\/\" \/>\n<meta property=\"og:site_name\" content=\"DENEIGEURQUEBEC\" \/>\n<meta property=\"article:modified_time\" content=\"2026-04-23T19:06:24+00:00\" \/>\n<meta property=\"og:image\" content=\"https:\/\/deneigeurquebec.com\/wp-content\/uploads\/2025\/05\/NO5_NP49SLT_03.png\" \/>\n\t<meta property=\"og:image:width\" content=\"500\" \/>\n\t<meta property=\"og:image:height\" content=\"500\" \/>\n\t<meta property=\"og:image:type\" content=\"image\/png\" \/>\n<meta name=\"twitter:card\" content=\"summary_large_image\" \/>\n<meta name=\"twitter:label1\" content=\"Estimation du temps de lecture\" \/>\n\t<meta name=\"twitter:data1\" content=\"1 minute\" \/>\n<script type=\"application\/ld+json\" class=\"yoast-schema-graph\">{\"@context\":\"https:\\\/\\\/schema.org\",\"@graph\":[{\"@type\":\"WebPage\",\"@id\":\"https:\\\/\\\/deneigeurquebec.com\\\/index.php\\\/produit\\\/lame-de-deneigement-nordic-plow-49-po-x-195-po\\\/\",\"url\":\"https:\\\/\\\/deneigeurquebec.com\\\/index.php\\\/produit\\\/lame-de-deneigement-nordic-plow-49-po-x-195-po\\\/\",\"name\":\"Lame de d\u00e9neigement Nordic Plow 49 po x 19,5 po - DENEIGEURQUEBEC\",\"isPartOf\":{\"@id\":\"https:\\\/\\\/deneigeurquebec.com\\\/#website\"},\"primaryImageOfPage\":{\"@id\":\"https:\\\/\\\/deneigeurquebec.com\\\/index.php\\\/produit\\\/lame-de-deneigement-nordic-plow-49-po-x-195-po\\\/#primaryimage\"},\"image\":{\"@id\":\"https:\\\/\\\/deneigeurquebec.com\\\/index.php\\\/produit\\\/lame-de-deneigement-nordic-plow-49-po-x-195-po\\\/#primaryimage\"},\"thumbnailUrl\":\"https:\\\/\\\/deneigeurquebec.com\\\/wp-content\\\/uploads\\\/2025\\\/05\\\/NO5_NP49SLT_03.png\",\"datePublished\":\"2025-05-15T15:27:38+00:00\",\"dateModified\":\"2026-04-23T19:06:24+00:00\",\"breadcrumb\":{\"@id\":\"https:\\\/\\\/deneigeurquebec.com\\\/index.php\\\/produit\\\/lame-de-deneigement-nordic-plow-49-po-x-195-po\\\/#breadcrumb\"},\"inLanguage\":\"fr-CA\",\"potentialAction\":[{\"@type\":\"ReadAction\",\"target\":[\"https:\\\/\\\/deneigeurquebec.com\\\/index.php\\\/produit\\\/lame-de-deneigement-nordic-plow-49-po-x-195-po\\\/\"]}]},{\"@type\":\"ImageObject\",\"inLanguage\":\"fr-CA\",\"@id\":\"https:\\\/\\\/deneigeurquebec.com\\\/index.php\\\/produit\\\/lame-de-deneigement-nordic-plow-49-po-x-195-po\\\/#primaryimage\",\"url\":\"https:\\\/\\\/deneigeurquebec.com\\\/wp-content\\\/uploads\\\/2025\\\/05\\\/NO5_NP49SLT_03.png\",\"contentUrl\":\"https:\\\/\\\/deneigeurquebec.com\\\/wp-content\\\/uploads\\\/2025\\\/05\\\/NO5_NP49SLT_03.png\",\"width\":500,\"height\":500},{\"@type\":\"BreadcrumbList\",\"@id\":\"https:\\\/\\\/deneigeurquebec.com\\\/index.php\\\/produit\\\/lame-de-deneigement-nordic-plow-49-po-x-195-po\\\/#breadcrumb\",\"itemListElement\":[{\"@type\":\"ListItem\",\"position\":1,\"name\":\"Accueil\",\"item\":\"https:\\\/\\\/deneigeurquebec.com\\\/\"},{\"@type\":\"ListItem\",\"position\":2,\"name\":\"Boutique\",\"item\":\"https:\\\/\\\/deneigeurquebec.com\\\/index.php\\\/boutique\\\/\"},{\"@type\":\"ListItem\",\"position\":3,\"name\":\"Lame de d\u00e9neigement Nordic Plow 49 po x 19,5 po\"}]},{\"@type\":\"WebSite\",\"@id\":\"https:\\\/\\\/deneigeurquebec.com\\\/#website\",\"url\":\"https:\\\/\\\/deneigeurquebec.com\\\/\",\"name\":\"DENEIGEURQUEBEC\",\"description\":\"PRODUITS HAUT DE GAMME\",\"publisher\":{\"@id\":\"https:\\\/\\\/deneigeurquebec.com\\\/#organization\"},\"potentialAction\":[{\"@type\":\"SearchAction\",\"target\":{\"@type\":\"EntryPoint\",\"urlTemplate\":\"https:\\\/\\\/deneigeurquebec.com\\\/?s={search_term_string}\"},\"query-input\":{\"@type\":\"PropertyValueSpecification\",\"valueRequired\":true,\"valueName\":\"search_term_string\"}}],\"inLanguage\":\"fr-CA\"},{\"@type\":\"Organization\",\"@id\":\"https:\\\/\\\/deneigeurquebec.com\\\/#organization\",\"name\":\"DENEIGEURQUEBEC\",\"url\":\"https:\\\/\\\/deneigeurquebec.com\\\/\",\"logo\":{\"@type\":\"ImageObject\",\"inLanguage\":\"fr-CA\",\"@id\":\"https:\\\/\\\/deneigeurquebec.com\\\/#\\\/schema\\\/logo\\\/image\\\/\",\"url\":\"https:\\\/\\\/deneigeurquebec.com\\\/wp-content\\\/uploads\\\/2025\\\/05\\\/Sans-titre-365-x-100-px-1.png\",\"contentUrl\":\"https:\\\/\\\/deneigeurquebec.com\\\/wp-content\\\/uploads\\\/2025\\\/05\\\/Sans-titre-365-x-100-px-1.png\",\"width\":365,\"height\":100,\"caption\":\"DENEIGEURQUEBEC\"},\"image\":{\"@id\":\"https:\\\/\\\/deneigeurquebec.com\\\/#\\\/schema\\\/logo\\\/image\\\/\"}}]}<\/script>\n<!-- \/ Yoast SEO Premium plugin. -->","yoast_head_json":{"title":"Lame de d\u00e9neigement Nordic Plow 49 po x 19,5 po - DENEIGEURQUEBEC","robots":{"index":"index","follow":"follow","max-snippet":"max-snippet:-1","max-image-preview":"max-image-preview:large","max-video-preview":"max-video-preview:-1"},"canonical":"https:\/\/deneigeurquebec.com\/index.php\/produit\/lame-de-deneigement-nordic-plow-49-po-x-195-po\/","og_locale":"fr_CA","og_type":"article","og_title":"Lame de d\u00e9neigement Nordic Plow 49 po x 19,5 po","og_description":"Lame de d\u00e9neigement Nordic Plow 49 po pour tracteur \u2013 lame l\u00e9g\u00e8re \u00e0 bord arrondi, syst\u00e8me \u00e0 ressorts de s\u00e9curit\u00e9, id\u00e9ale pour surfaces irr\u00e9guli\u00e8res et utilisable toute l\u2019ann\u00e9e.","og_url":"https:\/\/deneigeurquebec.com\/index.php\/produit\/lame-de-deneigement-nordic-plow-49-po-x-195-po\/","og_site_name":"DENEIGEURQUEBEC","article_modified_time":"2026-04-23T19:06:24+00:00","og_image":[{"width":500,"height":500,"url":"https:\/\/deneigeurquebec.com\/wp-content\/uploads\/2025\/05\/NO5_NP49SLT_03.png","type":"image\/png"}],"twitter_card":"summary_large_image","twitter_misc":{"Estimation du temps de lecture":"1 minute"},"schema":{"@context":"https:\/\/schema.org","@graph":[{"@type":"WebPage","@id":"https:\/\/deneigeurquebec.com\/index.php\/produit\/lame-de-deneigement-nordic-plow-49-po-x-195-po\/","url":"https:\/\/deneigeurquebec.com\/index.php\/produit\/lame-de-deneigement-nordic-plow-49-po-x-195-po\/","name":"Lame de d\u00e9neigement Nordic Plow 49 po x 19,5 po - DENEIGEURQUEBEC","isPartOf":{"@id":"https:\/\/deneigeurquebec.com\/#website"},"primaryImageOfPage":{"@id":"https:\/\/deneigeurquebec.com\/index.php\/produit\/lame-de-deneigement-nordic-plow-49-po-x-195-po\/#primaryimage"},"image":{"@id":"https:\/\/deneigeurquebec.com\/index.php\/produit\/lame-de-deneigement-nordic-plow-49-po-x-195-po\/#primaryimage"},"thumbnailUrl":"https:\/\/deneigeurquebec.com\/wp-content\/uploads\/2025\/05\/NO5_NP49SLT_03.png","datePublished":"2025-05-15T15:27:38+00:00","dateModified":"2026-04-23T19:06:24+00:00","breadcrumb":{"@id":"https:\/\/deneigeurquebec.com\/index.php\/produit\/lame-de-deneigement-nordic-plow-49-po-x-195-po\/#breadcrumb"},"inLanguage":"fr-CA","potentialAction":[{"@type":"ReadAction","target":["https:\/\/deneigeurquebec.com\/index.php\/produit\/lame-de-deneigement-nordic-plow-49-po-x-195-po\/"]}]},{"@type":"ImageObject","inLanguage":"fr-CA","@id":"https:\/\/deneigeurquebec.com\/index.php\/produit\/lame-de-deneigement-nordic-plow-49-po-x-195-po\/#primaryimage","url":"https:\/\/deneigeurquebec.com\/wp-content\/uploads\/2025\/05\/NO5_NP49SLT_03.png","contentUrl":"https:\/\/deneigeurquebec.com\/wp-content\/uploads\/2025\/05\/NO5_NP49SLT_03.png","width":500,"height":500},{"@type":"BreadcrumbList","@id":"https:\/\/deneigeurquebec.com\/index.php\/produit\/lame-de-deneigement-nordic-plow-49-po-x-195-po\/#breadcrumb","itemListElement":[{"@type":"ListItem","position":1,"name":"Accueil","item":"https:\/\/deneigeurquebec.com\/"},{"@type":"ListItem","position":2,"name":"Boutique","item":"https:\/\/deneigeurquebec.com\/index.php\/boutique\/"},{"@type":"ListItem","position":3,"name":"Lame de d\u00e9neigement Nordic Plow 49 po x 19,5 po"}]},{"@type":"WebSite","@id":"https:\/\/deneigeurquebec.com\/#website","url":"https:\/\/deneigeurquebec.com\/","name":"DENEIGEURQUEBEC","description":"PRODUITS HAUT DE GAMME","publisher":{"@id":"https:\/\/deneigeurquebec.com\/#organization"},"potentialAction":[{"@type":"SearchAction","target":{"@type":"EntryPoint","urlTemplate":"https:\/\/deneigeurquebec.com\/?s={search_term_string}"},"query-input":{"@type":"PropertyValueSpecification","valueRequired":true,"valueName":"search_term_string"}}],"inLanguage":"fr-CA"},{"@type":"Organization","@id":"https:\/\/deneigeurquebec.com\/#organization","name":"DENEIGEURQUEBEC","url":"https:\/\/deneigeurquebec.com\/","logo":{"@type":"ImageObject","inLanguage":"fr-CA","@id":"https:\/\/deneigeurquebec.com\/#\/schema\/logo\/image\/","url":"https:\/\/deneigeurquebec.com\/wp-content\/uploads\/2025\/05\/Sans-titre-365-x-100-px-1.png","contentUrl":"https:\/\/deneigeurquebec.com\/wp-content\/uploads\/2025\/05\/Sans-titre-365-x-100-px-1.png","width":365,"height":100,"caption":"DENEIGEURQUEBEC"},"image":{"@id":"https:\/\/deneigeurquebec.com\/#\/schema\/logo\/image\/"}}]}},"_links":{"self":[{"href":"https:\/\/deneigeurquebec.com\/index.php\/wp-json\/wp\/v2\/product\/15656","targetHints":{"allow":["GET"]}}],"collection":[{"href":"https:\/\/deneigeurquebec.com\/index.php\/wp-json\/wp\/v2\/product"}],"about":[{"href":"https:\/\/deneigeurquebec.com\/index.php\/wp-json\/wp\/v2\/types\/product"}],"replies":[{"embeddable":true,"href":"https:\/\/deneigeurquebec.com\/index.php\/wp-json\/wp\/v2\/comments?post=15656"}],"version-history":[{"count":1,"href":"https:\/\/deneigeurquebec.com\/index.php\/wp-json\/wp\/v2\/product\/15656\/revisions"}],"predecessor-version":[{"id":15660,"href":"https:\/\/deneigeurquebec.com\/index.php\/wp-json\/wp\/v2\/product\/15656\/revisions\/15660"}],"wp:featuredmedia":[{"embeddable":true,"href":"https:\/\/deneigeurquebec.com\/index.php\/wp-json\/wp\/v2\/media\/15657"}],"wp:attachment":[{"href":"https:\/\/deneigeurquebec.com\/index.php\/wp-json\/wp\/v2\/media?parent=15656"}],"wp:term":[{"taxonomy":"product_brand","embeddable":true,"href":"https:\/\/deneigeurquebec.com\/index.php\/wp-json\/wp\/v2\/product_brand?post=15656"},{"taxonomy":"product_cat","embeddable":true,"href":"https:\/\/deneigeurquebec.com\/index.php\/wp-json\/wp\/v2\/product_cat?post=15656"},{"taxonomy":"product_tag","embeddable":true,"href":"https:\/\/deneigeurquebec.com\/index.php\/wp-json\/wp\/v2\/product_tag?post=15656"}],"curies":[{"name":"wp","href":"https:\/\/api.w.org\/{rel}","templated":true}]}}