{"id":15652,"date":"2025-05-15T15:57:13","date_gmt":"2025-05-15T15:57:13","guid":{"rendered":"https:\/\/deneigeurquebec.com\/?post_type=product&#038;p=15652"},"modified":"2025-05-15T15:57:51","modified_gmt":"2025-05-15T15:57:51","slug":"chasse-neige-nordic-plow-de-49-po-x-195-po","status":"publish","type":"product","link":"https:\/\/deneigeurquebec.com\/index.php\/produit\/chasse-neige-nordic-plow-de-49-po-x-195-po\/","title":{"rendered":"Chasse-neige Nordic Plow de 49 po x 19,5 po"},"content":{"rendered":"<p class=\"\" data-start=\"162\" data-end=\"650\">Le chasse-neige Nordic Plow de 49 po x 19,5 po est con\u00e7u sp\u00e9cialement pour les tondeuses Toro TimeCutter Zero Turn avec volant. Il est dot\u00e9 d\u2019une lame brevet\u00e9e \u00e0 bord arrondi, fabriqu\u00e9e \u00e0 partir d\u2019un mat\u00e9riau composite PC\/ABS exclusif, \u00e0 la fois l\u00e9ger et r\u00e9sistant. Contrairement aux lames en acier \u00e0 bord tranchant, cette conception permet \u00e0 la lame de glisser facilement sur les surfaces irr\u00e9guli\u00e8res comme les pav\u00e9s, le gravier, le gazon ou les trottoirs fissur\u00e9s, sans les endommager.<\/p>\n<p class=\"\" data-start=\"652\" data-end=\"1183\">Le kit comprend toutes les pi\u00e8ces n\u00e9cessaires pour une installation rapide sur votre tondeuse. Gr\u00e2ce \u00e0 sa conception innovante avec action de ressort \u00e0 recul, la lame se replie automatiquement si la charge devient trop lourde, prot\u00e9geant ainsi votre tondeuse et la lame contre tout dommage. Id\u00e9al pour un usage toute l\u2019ann\u00e9e : d\u00e9neiger, ramasser des feuilles, d\u00e9placer du sable ou tout autre mat\u00e9riau. Robuste, pratique et s\u00fbr, le chasse-neige Nordic Plow est un outil indispensable pour tirer le meilleur de votre Toro TimeCutter.<\/p>\n","protected":false},"excerpt":{"rendered":"<p>Chasse-neige Nordic Plow de 49 po pour tondeuses Toro TimeCutter \u00e0 volant \u2013 lame arrondie, l\u00e9g\u00e8re, id\u00e9ale pour surfaces irr\u00e9guli\u00e8res, avec syst\u00e8me de recul \u00e0 ressort. Utilisation toute l\u2019ann\u00e9e !<\/p>\n","protected":false},"featured_media":15661,"comment_status":"open","ping_status":"closed","template":"","meta":[],"product_brand":[],"product_cat":[72],"product_tag":[],"class_list":{"0":"post-15652","1":"product","2":"type-product","3":"status-publish","4":"has-post-thumbnail","6":"product_cat-chasse-neige","8":"first","9":"instock","10":"shipping-taxable","11":"purchasable","12":"product-type-simple"},"yoast_head":"<!-- This site is optimized with the Yoast SEO Premium plugin v25.3.1 (Yoast SEO v25.3.1) - https:\/\/yoast.com\/wordpress\/plugins\/seo\/ -->\n<title>Chasse-neige Nordic Plow de 49 po x 19,5 po - DENEIGEURQUEBEC<\/title>\n<meta name=\"robots\" content=\"index, follow, max-snippet:-1, max-image-preview:large, max-video-preview:-1\" \/>\n<link rel=\"canonical\" href=\"https:\/\/deneigeurquebec.com\/index.php\/produit\/chasse-neige-nordic-plow-de-49-po-x-195-po\/\" \/>\n<meta property=\"og:locale\" content=\"fr_CA\" \/>\n<meta property=\"og:type\" content=\"article\" \/>\n<meta property=\"og:title\" content=\"Chasse-neige Nordic Plow de 49 po x 19,5 po\" \/>\n<meta property=\"og:description\" content=\"Chasse-neige Nordic Plow de 49 po pour tondeuses Toro TimeCutter \u00e0 volant \u2013 lame arrondie, l\u00e9g\u00e8re, id\u00e9ale pour surfaces irr\u00e9guli\u00e8res, avec syst\u00e8me de recul \u00e0 ressort. Utilisation toute l\u2019ann\u00e9e !\" \/>\n<meta property=\"og:url\" content=\"https:\/\/deneigeurquebec.com\/index.php\/produit\/chasse-neige-nordic-plow-de-49-po-x-195-po\/\" \/>\n<meta property=\"og:site_name\" content=\"DENEIGEURQUEBEC\" \/>\n<meta property=\"article:modified_time\" content=\"2025-05-15T15:57:51+00:00\" \/>\n<meta property=\"og:image\" content=\"https:\/\/deneigeurquebec.com\/wp-content\/uploads\/2025\/05\/NO5_NP49SZTSW.png\" \/>\n\t<meta property=\"og:image:width\" content=\"500\" \/>\n\t<meta property=\"og:image:height\" content=\"500\" \/>\n\t<meta property=\"og:image:type\" content=\"image\/png\" \/>\n<meta name=\"twitter:card\" content=\"summary_large_image\" \/>\n<meta name=\"twitter:label1\" content=\"Estimation du temps de lecture\" \/>\n\t<meta name=\"twitter:data1\" content=\"1 minute\" \/>\n<script type=\"application\/ld+json\" class=\"yoast-schema-graph\">{\"@context\":\"https:\/\/schema.org\",\"@graph\":[{\"@type\":\"WebPage\",\"@id\":\"https:\/\/deneigeurquebec.com\/index.php\/produit\/chasse-neige-nordic-plow-de-49-po-x-195-po\/\",\"url\":\"https:\/\/deneigeurquebec.com\/index.php\/produit\/chasse-neige-nordic-plow-de-49-po-x-195-po\/\",\"name\":\"Chasse-neige Nordic Plow de 49 po x 19,5 po - DENEIGEURQUEBEC\",\"isPartOf\":{\"@id\":\"https:\/\/deneigeurquebec.com\/#website\"},\"primaryImageOfPage\":{\"@id\":\"https:\/\/deneigeurquebec.com\/index.php\/produit\/chasse-neige-nordic-plow-de-49-po-x-195-po\/#primaryimage\"},\"image\":{\"@id\":\"https:\/\/deneigeurquebec.com\/index.php\/produit\/chasse-neige-nordic-plow-de-49-po-x-195-po\/#primaryimage\"},\"thumbnailUrl\":\"https:\/\/deneigeurquebec.com\/wp-content\/uploads\/2025\/05\/NO5_NP49SZTSW.png\",\"datePublished\":\"2025-05-15T15:57:13+00:00\",\"dateModified\":\"2025-05-15T15:57:51+00:00\",\"breadcrumb\":{\"@id\":\"https:\/\/deneigeurquebec.com\/index.php\/produit\/chasse-neige-nordic-plow-de-49-po-x-195-po\/#breadcrumb\"},\"inLanguage\":\"fr-CA\",\"potentialAction\":[{\"@type\":\"ReadAction\",\"target\":[\"https:\/\/deneigeurquebec.com\/index.php\/produit\/chasse-neige-nordic-plow-de-49-po-x-195-po\/\"]}]},{\"@type\":\"ImageObject\",\"inLanguage\":\"fr-CA\",\"@id\":\"https:\/\/deneigeurquebec.com\/index.php\/produit\/chasse-neige-nordic-plow-de-49-po-x-195-po\/#primaryimage\",\"url\":\"https:\/\/deneigeurquebec.com\/wp-content\/uploads\/2025\/05\/NO5_NP49SZTSW.png\",\"contentUrl\":\"https:\/\/deneigeurquebec.com\/wp-content\/uploads\/2025\/05\/NO5_NP49SZTSW.png\",\"width\":500,\"height\":500},{\"@type\":\"BreadcrumbList\",\"@id\":\"https:\/\/deneigeurquebec.com\/index.php\/produit\/chasse-neige-nordic-plow-de-49-po-x-195-po\/#breadcrumb\",\"itemListElement\":[{\"@type\":\"ListItem\",\"position\":1,\"name\":\"Accueil\",\"item\":\"https:\/\/deneigeurquebec.com\/\"},{\"@type\":\"ListItem\",\"position\":2,\"name\":\"Shop\",\"item\":\"https:\/\/deneigeurquebec.com\/index.php\/shop\/\"},{\"@type\":\"ListItem\",\"position\":3,\"name\":\"Chasse-neige Nordic Plow de 49 po x 19,5 po\"}]},{\"@type\":\"WebSite\",\"@id\":\"https:\/\/deneigeurquebec.com\/#website\",\"url\":\"https:\/\/deneigeurquebec.com\/\",\"name\":\"DENEIGEURQUEBEC\",\"description\":\"PRODUITS HAUT DE GAMME\",\"publisher\":{\"@id\":\"https:\/\/deneigeurquebec.com\/#organization\"},\"potentialAction\":[{\"@type\":\"SearchAction\",\"target\":{\"@type\":\"EntryPoint\",\"urlTemplate\":\"https:\/\/deneigeurquebec.com\/?s={search_term_string}\"},\"query-input\":{\"@type\":\"PropertyValueSpecification\",\"valueRequired\":true,\"valueName\":\"search_term_string\"}}],\"inLanguage\":\"fr-CA\"},{\"@type\":\"Organization\",\"@id\":\"https:\/\/deneigeurquebec.com\/#organization\",\"name\":\"DENEIGEURQUEBEC\",\"url\":\"https:\/\/deneigeurquebec.com\/\",\"logo\":{\"@type\":\"ImageObject\",\"inLanguage\":\"fr-CA\",\"@id\":\"https:\/\/deneigeurquebec.com\/#\/schema\/logo\/image\/\",\"url\":\"https:\/\/deneigeurquebec.com\/wp-content\/uploads\/2025\/05\/Sans-titre-365-x-100-px-1.png\",\"contentUrl\":\"https:\/\/deneigeurquebec.com\/wp-content\/uploads\/2025\/05\/Sans-titre-365-x-100-px-1.png\",\"width\":365,\"height\":100,\"caption\":\"DENEIGEURQUEBEC\"},\"image\":{\"@id\":\"https:\/\/deneigeurquebec.com\/#\/schema\/logo\/image\/\"}}]}<\/script>\n<!-- \/ Yoast SEO Premium plugin. -->","yoast_head_json":{"title":"Chasse-neige Nordic Plow de 49 po x 19,5 po - DENEIGEURQUEBEC","robots":{"index":"index","follow":"follow","max-snippet":"max-snippet:-1","max-image-preview":"max-image-preview:large","max-video-preview":"max-video-preview:-1"},"canonical":"https:\/\/deneigeurquebec.com\/index.php\/produit\/chasse-neige-nordic-plow-de-49-po-x-195-po\/","og_locale":"fr_CA","og_type":"article","og_title":"Chasse-neige Nordic Plow de 49 po x 19,5 po","og_description":"Chasse-neige Nordic Plow de 49 po pour tondeuses Toro TimeCutter \u00e0 volant \u2013 lame arrondie, l\u00e9g\u00e8re, id\u00e9ale pour surfaces irr\u00e9guli\u00e8res, avec syst\u00e8me de recul \u00e0 ressort. Utilisation toute l\u2019ann\u00e9e !","og_url":"https:\/\/deneigeurquebec.com\/index.php\/produit\/chasse-neige-nordic-plow-de-49-po-x-195-po\/","og_site_name":"DENEIGEURQUEBEC","article_modified_time":"2025-05-15T15:57:51+00:00","og_image":[{"width":500,"height":500,"url":"https:\/\/deneigeurquebec.com\/wp-content\/uploads\/2025\/05\/NO5_NP49SZTSW.png","type":"image\/png"}],"twitter_card":"summary_large_image","twitter_misc":{"Estimation du temps de lecture":"1 minute"},"schema":{"@context":"https:\/\/schema.org","@graph":[{"@type":"WebPage","@id":"https:\/\/deneigeurquebec.com\/index.php\/produit\/chasse-neige-nordic-plow-de-49-po-x-195-po\/","url":"https:\/\/deneigeurquebec.com\/index.php\/produit\/chasse-neige-nordic-plow-de-49-po-x-195-po\/","name":"Chasse-neige Nordic Plow de 49 po x 19,5 po - DENEIGEURQUEBEC","isPartOf":{"@id":"https:\/\/deneigeurquebec.com\/#website"},"primaryImageOfPage":{"@id":"https:\/\/deneigeurquebec.com\/index.php\/produit\/chasse-neige-nordic-plow-de-49-po-x-195-po\/#primaryimage"},"image":{"@id":"https:\/\/deneigeurquebec.com\/index.php\/produit\/chasse-neige-nordic-plow-de-49-po-x-195-po\/#primaryimage"},"thumbnailUrl":"https:\/\/deneigeurquebec.com\/wp-content\/uploads\/2025\/05\/NO5_NP49SZTSW.png","datePublished":"2025-05-15T15:57:13+00:00","dateModified":"2025-05-15T15:57:51+00:00","breadcrumb":{"@id":"https:\/\/deneigeurquebec.com\/index.php\/produit\/chasse-neige-nordic-plow-de-49-po-x-195-po\/#breadcrumb"},"inLanguage":"fr-CA","potentialAction":[{"@type":"ReadAction","target":["https:\/\/deneigeurquebec.com\/index.php\/produit\/chasse-neige-nordic-plow-de-49-po-x-195-po\/"]}]},{"@type":"ImageObject","inLanguage":"fr-CA","@id":"https:\/\/deneigeurquebec.com\/index.php\/produit\/chasse-neige-nordic-plow-de-49-po-x-195-po\/#primaryimage","url":"https:\/\/deneigeurquebec.com\/wp-content\/uploads\/2025\/05\/NO5_NP49SZTSW.png","contentUrl":"https:\/\/deneigeurquebec.com\/wp-content\/uploads\/2025\/05\/NO5_NP49SZTSW.png","width":500,"height":500},{"@type":"BreadcrumbList","@id":"https:\/\/deneigeurquebec.com\/index.php\/produit\/chasse-neige-nordic-plow-de-49-po-x-195-po\/#breadcrumb","itemListElement":[{"@type":"ListItem","position":1,"name":"Accueil","item":"https:\/\/deneigeurquebec.com\/"},{"@type":"ListItem","position":2,"name":"Shop","item":"https:\/\/deneigeurquebec.com\/index.php\/shop\/"},{"@type":"ListItem","position":3,"name":"Chasse-neige Nordic Plow de 49 po x 19,5 po"}]},{"@type":"WebSite","@id":"https:\/\/deneigeurquebec.com\/#website","url":"https:\/\/deneigeurquebec.com\/","name":"DENEIGEURQUEBEC","description":"PRODUITS HAUT DE GAMME","publisher":{"@id":"https:\/\/deneigeurquebec.com\/#organization"},"potentialAction":[{"@type":"SearchAction","target":{"@type":"EntryPoint","urlTemplate":"https:\/\/deneigeurquebec.com\/?s={search_term_string}"},"query-input":{"@type":"PropertyValueSpecification","valueRequired":true,"valueName":"search_term_string"}}],"inLanguage":"fr-CA"},{"@type":"Organization","@id":"https:\/\/deneigeurquebec.com\/#organization","name":"DENEIGEURQUEBEC","url":"https:\/\/deneigeurquebec.com\/","logo":{"@type":"ImageObject","inLanguage":"fr-CA","@id":"https:\/\/deneigeurquebec.com\/#\/schema\/logo\/image\/","url":"https:\/\/deneigeurquebec.com\/wp-content\/uploads\/2025\/05\/Sans-titre-365-x-100-px-1.png","contentUrl":"https:\/\/deneigeurquebec.com\/wp-content\/uploads\/2025\/05\/Sans-titre-365-x-100-px-1.png","width":365,"height":100,"caption":"DENEIGEURQUEBEC"},"image":{"@id":"https:\/\/deneigeurquebec.com\/#\/schema\/logo\/image\/"}}]}},"_links":{"self":[{"href":"https:\/\/deneigeurquebec.com\/index.php\/wp-json\/wp\/v2\/product\/15652","targetHints":{"allow":["GET"]}}],"collection":[{"href":"https:\/\/deneigeurquebec.com\/index.php\/wp-json\/wp\/v2\/product"}],"about":[{"href":"https:\/\/deneigeurquebec.com\/index.php\/wp-json\/wp\/v2\/types\/product"}],"replies":[{"embeddable":true,"href":"https:\/\/deneigeurquebec.com\/index.php\/wp-json\/wp\/v2\/comments?post=15652"}],"version-history":[{"count":1,"href":"https:\/\/deneigeurquebec.com\/index.php\/wp-json\/wp\/v2\/product\/15652\/revisions"}],"predecessor-version":[{"id":15664,"href":"https:\/\/deneigeurquebec.com\/index.php\/wp-json\/wp\/v2\/product\/15652\/revisions\/15664"}],"wp:featuredmedia":[{"embeddable":true,"href":"https:\/\/deneigeurquebec.com\/index.php\/wp-json\/wp\/v2\/media\/15661"}],"wp:attachment":[{"href":"https:\/\/deneigeurquebec.com\/index.php\/wp-json\/wp\/v2\/media?parent=15652"}],"wp:term":[{"taxonomy":"product_brand","embeddable":true,"href":"https:\/\/deneigeurquebec.com\/index.php\/wp-json\/wp\/v2\/product_brand?post=15652"},{"taxonomy":"product_cat","embeddable":true,"href":"https:\/\/deneigeurquebec.com\/index.php\/wp-json\/wp\/v2\/product_cat?post=15652"},{"taxonomy":"product_tag","embeddable":true,"href":"https:\/\/deneigeurquebec.com\/index.php\/wp-json\/wp\/v2\/product_tag?post=15652"}],"curies":[{"name":"wp","href":"https:\/\/api.w.org\/{rel}","templated":true}]}}