{"id":15645,"date":"2025-05-15T11:16:01","date_gmt":"2025-05-15T11:16:01","guid":{"rendered":"https:\/\/deneigeurquebec.com\/?post_type=product&#038;p=15645"},"modified":"2025-05-15T11:16:02","modified_gmt":"2025-05-15T11:16:02","slug":"tracteur-de-pelouse-diesel-john-deere-x758-serie-signature","status":"publish","type":"product","link":"https:\/\/deneigeurquebec.com\/index.php\/produit\/tracteur-de-pelouse-diesel-john-deere-x758-serie-signature\/","title":{"rendered":"Tracteur de pelouse diesel John Deere X758 \u2013 S\u00e9rie Signature"},"content":{"rendered":"<h3 class=\"\" data-start=\"147\" data-end=\"215\"><strong data-start=\"151\" data-end=\"215\">Tracteur de pelouse diesel John Deere X758 \u2013 S\u00e9rie Signature<\/strong><\/h3>\n<p class=\"\" data-start=\"217\" data-end=\"538\">Le John Deere X758 est un tracteur de pelouse de la S\u00e9rie Signature con\u00e7u pour une performance durable et puissante. \u00c9quip\u00e9 d\u2019un moteur diesel <strong data-start=\"360\" data-end=\"405\">3 cylindres refroidi par liquide de 24\u00a0ch<\/strong>, il offre une efficacit\u00e9 \u00e9nerg\u00e9tique exceptionnelle et un couple \u00e9lev\u00e9, id\u00e9al pour les travaux intensifs sur de grandes superficies.<\/p>\n<p class=\"\" data-start=\"540\" data-end=\"852\">Gr\u00e2ce \u00e0 la <strong data-start=\"551\" data-end=\"616\">transmission hydrostatique int\u00e9grale \u00e0 4 roues motrices (4RM)<\/strong>, le X758 offre une excellente traction, m\u00eame dans des conditions difficiles ou sur terrain vallonn\u00e9. Sa direction assist\u00e9e \u00e0 4\u00a0roues procure une maniabilit\u00e9 in\u00e9gal\u00e9e, facilitant les virages serr\u00e9s et les man\u0153uvres autour des obstacles.<\/p>\n<p class=\"\" data-start=\"854\" data-end=\"1158\">Il est compatible avec plusieurs largeurs de plateaux de coupe <strong data-start=\"917\" data-end=\"944\">(48 po, 54 po ou 60 po)<\/strong> selon vos besoins. Le confort de l\u2019op\u00e9rateur est \u00e9galement une priorit\u00e9 gr\u00e2ce \u00e0 un si\u00e8ge haut dossier, un tableau de bord num\u00e9rique, des commandes ergonomiques et une capacit\u00e9 de carburant g\u00e9n\u00e9reuse de <strong data-start=\"1147\" data-end=\"1157\">19,7\u00a0L<\/strong>.<\/p>\n<p class=\"\" data-start=\"1160\" data-end=\"1219\"><strong data-start=\"1160\" data-end=\"1219\">Garantie compl\u00e8te de 4 ans ou 700 heures d\u2019utilisation.<\/strong><\/p>\n","protected":false},"excerpt":{"rendered":"<p>Tracteur de pelouse diesel John Deere X758 \u2013 24 ch, 4RM, direction assist\u00e9e \u00e0 4 roues, transmission hydrostatique, id\u00e9al pour les grandes superficies et terrains complexes. Puissance, confort et durabilit\u00e9 assur\u00e9s.<\/p>\n","protected":false},"featured_media":15646,"comment_status":"open","ping_status":"closed","template":"","meta":[],"product_brand":[],"product_cat":[71],"product_tag":[],"class_list":{"0":"post-15645","1":"product","2":"type-product","3":"status-publish","4":"has-post-thumbnail","6":"product_cat-tracteurs-a-gazon","8":"first","9":"instock","10":"shipping-taxable","11":"purchasable","12":"product-type-simple"},"yoast_head":"<!-- This site is optimized with the Yoast SEO Premium plugin v25.3.1 (Yoast SEO v25.3.1) - https:\/\/yoast.com\/wordpress\/plugins\/seo\/ -->\n<title>Tracteur de pelouse diesel John Deere X758 \u2013 S\u00e9rie Signature - DENEIGEURQUEBEC<\/title>\n<meta name=\"robots\" content=\"index, follow, max-snippet:-1, max-image-preview:large, max-video-preview:-1\" \/>\n<link rel=\"canonical\" href=\"https:\/\/deneigeurquebec.com\/index.php\/produit\/tracteur-de-pelouse-diesel-john-deere-x758-serie-signature\/\" \/>\n<meta property=\"og:locale\" content=\"fr_CA\" \/>\n<meta property=\"og:type\" content=\"article\" \/>\n<meta property=\"og:title\" content=\"Tracteur de pelouse diesel John Deere X758 \u2013 S\u00e9rie Signature\" \/>\n<meta property=\"og:description\" content=\"Tracteur de pelouse diesel John Deere X758 \u2013 24 ch, 4RM, direction assist\u00e9e \u00e0 4 roues, transmission hydrostatique, id\u00e9al pour les grandes superficies et terrains complexes. Puissance, confort et durabilit\u00e9 assur\u00e9s.\" \/>\n<meta property=\"og:url\" content=\"https:\/\/deneigeurquebec.com\/index.php\/produit\/tracteur-de-pelouse-diesel-john-deere-x758-serie-signature\/\" \/>\n<meta property=\"og:site_name\" content=\"DENEIGEURQUEBEC\" \/>\n<meta property=\"article:modified_time\" content=\"2025-05-15T11:16:02+00:00\" \/>\n<meta property=\"og:image\" content=\"https:\/\/deneigeurquebec.com\/wp-content\/uploads\/2025\/05\/x758_r4x001641_rrd_1024x576_large_cba256616f7cd6ed7dc06a3c928c3bd9c899e491-1.png\" \/>\n\t<meta property=\"og:image:width\" content=\"1365\" \/>\n\t<meta property=\"og:image:height\" content=\"768\" \/>\n\t<meta property=\"og:image:type\" content=\"image\/png\" \/>\n<meta name=\"twitter:card\" content=\"summary_large_image\" \/>\n<meta name=\"twitter:label1\" content=\"Estimation du temps de lecture\" \/>\n\t<meta name=\"twitter:data1\" content=\"1 minute\" \/>\n<script type=\"application\/ld+json\" class=\"yoast-schema-graph\">{\"@context\":\"https:\/\/schema.org\",\"@graph\":[{\"@type\":\"WebPage\",\"@id\":\"https:\/\/deneigeurquebec.com\/index.php\/produit\/tracteur-de-pelouse-diesel-john-deere-x758-serie-signature\/\",\"url\":\"https:\/\/deneigeurquebec.com\/index.php\/produit\/tracteur-de-pelouse-diesel-john-deere-x758-serie-signature\/\",\"name\":\"Tracteur de pelouse diesel John Deere X758 \u2013 S\u00e9rie Signature - DENEIGEURQUEBEC\",\"isPartOf\":{\"@id\":\"https:\/\/deneigeurquebec.com\/#website\"},\"primaryImageOfPage\":{\"@id\":\"https:\/\/deneigeurquebec.com\/index.php\/produit\/tracteur-de-pelouse-diesel-john-deere-x758-serie-signature\/#primaryimage\"},\"image\":{\"@id\":\"https:\/\/deneigeurquebec.com\/index.php\/produit\/tracteur-de-pelouse-diesel-john-deere-x758-serie-signature\/#primaryimage\"},\"thumbnailUrl\":\"https:\/\/deneigeurquebec.com\/wp-content\/uploads\/2025\/05\/x758_r4x001641_rrd_1024x576_large_cba256616f7cd6ed7dc06a3c928c3bd9c899e491-1.png\",\"datePublished\":\"2025-05-15T11:16:01+00:00\",\"dateModified\":\"2025-05-15T11:16:02+00:00\",\"breadcrumb\":{\"@id\":\"https:\/\/deneigeurquebec.com\/index.php\/produit\/tracteur-de-pelouse-diesel-john-deere-x758-serie-signature\/#breadcrumb\"},\"inLanguage\":\"fr-CA\",\"potentialAction\":[{\"@type\":\"ReadAction\",\"target\":[\"https:\/\/deneigeurquebec.com\/index.php\/produit\/tracteur-de-pelouse-diesel-john-deere-x758-serie-signature\/\"]}]},{\"@type\":\"ImageObject\",\"inLanguage\":\"fr-CA\",\"@id\":\"https:\/\/deneigeurquebec.com\/index.php\/produit\/tracteur-de-pelouse-diesel-john-deere-x758-serie-signature\/#primaryimage\",\"url\":\"https:\/\/deneigeurquebec.com\/wp-content\/uploads\/2025\/05\/x758_r4x001641_rrd_1024x576_large_cba256616f7cd6ed7dc06a3c928c3bd9c899e491-1.png\",\"contentUrl\":\"https:\/\/deneigeurquebec.com\/wp-content\/uploads\/2025\/05\/x758_r4x001641_rrd_1024x576_large_cba256616f7cd6ed7dc06a3c928c3bd9c899e491-1.png\",\"width\":1365,\"height\":768},{\"@type\":\"BreadcrumbList\",\"@id\":\"https:\/\/deneigeurquebec.com\/index.php\/produit\/tracteur-de-pelouse-diesel-john-deere-x758-serie-signature\/#breadcrumb\",\"itemListElement\":[{\"@type\":\"ListItem\",\"position\":1,\"name\":\"Accueil\",\"item\":\"https:\/\/deneigeurquebec.com\/\"},{\"@type\":\"ListItem\",\"position\":2,\"name\":\"Shop\",\"item\":\"https:\/\/deneigeurquebec.com\/index.php\/shop\/\"},{\"@type\":\"ListItem\",\"position\":3,\"name\":\"Tracteur de pelouse diesel John Deere X758 \u2013 S\u00e9rie Signature\"}]},{\"@type\":\"WebSite\",\"@id\":\"https:\/\/deneigeurquebec.com\/#website\",\"url\":\"https:\/\/deneigeurquebec.com\/\",\"name\":\"DENEIGEURQUEBEC\",\"description\":\"PRODUITS HAUT DE GAMME\",\"publisher\":{\"@id\":\"https:\/\/deneigeurquebec.com\/#organization\"},\"potentialAction\":[{\"@type\":\"SearchAction\",\"target\":{\"@type\":\"EntryPoint\",\"urlTemplate\":\"https:\/\/deneigeurquebec.com\/?s={search_term_string}\"},\"query-input\":{\"@type\":\"PropertyValueSpecification\",\"valueRequired\":true,\"valueName\":\"search_term_string\"}}],\"inLanguage\":\"fr-CA\"},{\"@type\":\"Organization\",\"@id\":\"https:\/\/deneigeurquebec.com\/#organization\",\"name\":\"DENEIGEURQUEBEC\",\"url\":\"https:\/\/deneigeurquebec.com\/\",\"logo\":{\"@type\":\"ImageObject\",\"inLanguage\":\"fr-CA\",\"@id\":\"https:\/\/deneigeurquebec.com\/#\/schema\/logo\/image\/\",\"url\":\"https:\/\/deneigeurquebec.com\/wp-content\/uploads\/2025\/05\/Sans-titre-365-x-100-px-1.png\",\"contentUrl\":\"https:\/\/deneigeurquebec.com\/wp-content\/uploads\/2025\/05\/Sans-titre-365-x-100-px-1.png\",\"width\":365,\"height\":100,\"caption\":\"DENEIGEURQUEBEC\"},\"image\":{\"@id\":\"https:\/\/deneigeurquebec.com\/#\/schema\/logo\/image\/\"}}]}<\/script>\n<!-- \/ Yoast SEO Premium plugin. -->","yoast_head_json":{"title":"Tracteur de pelouse diesel John Deere X758 \u2013 S\u00e9rie Signature - DENEIGEURQUEBEC","robots":{"index":"index","follow":"follow","max-snippet":"max-snippet:-1","max-image-preview":"max-image-preview:large","max-video-preview":"max-video-preview:-1"},"canonical":"https:\/\/deneigeurquebec.com\/index.php\/produit\/tracteur-de-pelouse-diesel-john-deere-x758-serie-signature\/","og_locale":"fr_CA","og_type":"article","og_title":"Tracteur de pelouse diesel John Deere X758 \u2013 S\u00e9rie Signature","og_description":"Tracteur de pelouse diesel John Deere X758 \u2013 24 ch, 4RM, direction assist\u00e9e \u00e0 4 roues, transmission hydrostatique, id\u00e9al pour les grandes superficies et terrains complexes. Puissance, confort et durabilit\u00e9 assur\u00e9s.","og_url":"https:\/\/deneigeurquebec.com\/index.php\/produit\/tracteur-de-pelouse-diesel-john-deere-x758-serie-signature\/","og_site_name":"DENEIGEURQUEBEC","article_modified_time":"2025-05-15T11:16:02+00:00","og_image":[{"width":1365,"height":768,"url":"https:\/\/deneigeurquebec.com\/wp-content\/uploads\/2025\/05\/x758_r4x001641_rrd_1024x576_large_cba256616f7cd6ed7dc06a3c928c3bd9c899e491-1.png","type":"image\/png"}],"twitter_card":"summary_large_image","twitter_misc":{"Estimation du temps de lecture":"1 minute"},"schema":{"@context":"https:\/\/schema.org","@graph":[{"@type":"WebPage","@id":"https:\/\/deneigeurquebec.com\/index.php\/produit\/tracteur-de-pelouse-diesel-john-deere-x758-serie-signature\/","url":"https:\/\/deneigeurquebec.com\/index.php\/produit\/tracteur-de-pelouse-diesel-john-deere-x758-serie-signature\/","name":"Tracteur de pelouse diesel John Deere X758 \u2013 S\u00e9rie Signature - DENEIGEURQUEBEC","isPartOf":{"@id":"https:\/\/deneigeurquebec.com\/#website"},"primaryImageOfPage":{"@id":"https:\/\/deneigeurquebec.com\/index.php\/produit\/tracteur-de-pelouse-diesel-john-deere-x758-serie-signature\/#primaryimage"},"image":{"@id":"https:\/\/deneigeurquebec.com\/index.php\/produit\/tracteur-de-pelouse-diesel-john-deere-x758-serie-signature\/#primaryimage"},"thumbnailUrl":"https:\/\/deneigeurquebec.com\/wp-content\/uploads\/2025\/05\/x758_r4x001641_rrd_1024x576_large_cba256616f7cd6ed7dc06a3c928c3bd9c899e491-1.png","datePublished":"2025-05-15T11:16:01+00:00","dateModified":"2025-05-15T11:16:02+00:00","breadcrumb":{"@id":"https:\/\/deneigeurquebec.com\/index.php\/produit\/tracteur-de-pelouse-diesel-john-deere-x758-serie-signature\/#breadcrumb"},"inLanguage":"fr-CA","potentialAction":[{"@type":"ReadAction","target":["https:\/\/deneigeurquebec.com\/index.php\/produit\/tracteur-de-pelouse-diesel-john-deere-x758-serie-signature\/"]}]},{"@type":"ImageObject","inLanguage":"fr-CA","@id":"https:\/\/deneigeurquebec.com\/index.php\/produit\/tracteur-de-pelouse-diesel-john-deere-x758-serie-signature\/#primaryimage","url":"https:\/\/deneigeurquebec.com\/wp-content\/uploads\/2025\/05\/x758_r4x001641_rrd_1024x576_large_cba256616f7cd6ed7dc06a3c928c3bd9c899e491-1.png","contentUrl":"https:\/\/deneigeurquebec.com\/wp-content\/uploads\/2025\/05\/x758_r4x001641_rrd_1024x576_large_cba256616f7cd6ed7dc06a3c928c3bd9c899e491-1.png","width":1365,"height":768},{"@type":"BreadcrumbList","@id":"https:\/\/deneigeurquebec.com\/index.php\/produit\/tracteur-de-pelouse-diesel-john-deere-x758-serie-signature\/#breadcrumb","itemListElement":[{"@type":"ListItem","position":1,"name":"Accueil","item":"https:\/\/deneigeurquebec.com\/"},{"@type":"ListItem","position":2,"name":"Shop","item":"https:\/\/deneigeurquebec.com\/index.php\/shop\/"},{"@type":"ListItem","position":3,"name":"Tracteur de pelouse diesel John Deere X758 \u2013 S\u00e9rie Signature"}]},{"@type":"WebSite","@id":"https:\/\/deneigeurquebec.com\/#website","url":"https:\/\/deneigeurquebec.com\/","name":"DENEIGEURQUEBEC","description":"PRODUITS HAUT DE GAMME","publisher":{"@id":"https:\/\/deneigeurquebec.com\/#organization"},"potentialAction":[{"@type":"SearchAction","target":{"@type":"EntryPoint","urlTemplate":"https:\/\/deneigeurquebec.com\/?s={search_term_string}"},"query-input":{"@type":"PropertyValueSpecification","valueRequired":true,"valueName":"search_term_string"}}],"inLanguage":"fr-CA"},{"@type":"Organization","@id":"https:\/\/deneigeurquebec.com\/#organization","name":"DENEIGEURQUEBEC","url":"https:\/\/deneigeurquebec.com\/","logo":{"@type":"ImageObject","inLanguage":"fr-CA","@id":"https:\/\/deneigeurquebec.com\/#\/schema\/logo\/image\/","url":"https:\/\/deneigeurquebec.com\/wp-content\/uploads\/2025\/05\/Sans-titre-365-x-100-px-1.png","contentUrl":"https:\/\/deneigeurquebec.com\/wp-content\/uploads\/2025\/05\/Sans-titre-365-x-100-px-1.png","width":365,"height":100,"caption":"DENEIGEURQUEBEC"},"image":{"@id":"https:\/\/deneigeurquebec.com\/#\/schema\/logo\/image\/"}}]}},"_links":{"self":[{"href":"https:\/\/deneigeurquebec.com\/index.php\/wp-json\/wp\/v2\/product\/15645","targetHints":{"allow":["GET"]}}],"collection":[{"href":"https:\/\/deneigeurquebec.com\/index.php\/wp-json\/wp\/v2\/product"}],"about":[{"href":"https:\/\/deneigeurquebec.com\/index.php\/wp-json\/wp\/v2\/types\/product"}],"replies":[{"embeddable":true,"href":"https:\/\/deneigeurquebec.com\/index.php\/wp-json\/wp\/v2\/comments?post=15645"}],"version-history":[{"count":1,"href":"https:\/\/deneigeurquebec.com\/index.php\/wp-json\/wp\/v2\/product\/15645\/revisions"}],"predecessor-version":[{"id":15647,"href":"https:\/\/deneigeurquebec.com\/index.php\/wp-json\/wp\/v2\/product\/15645\/revisions\/15647"}],"wp:featuredmedia":[{"embeddable":true,"href":"https:\/\/deneigeurquebec.com\/index.php\/wp-json\/wp\/v2\/media\/15646"}],"wp:attachment":[{"href":"https:\/\/deneigeurquebec.com\/index.php\/wp-json\/wp\/v2\/media?parent=15645"}],"wp:term":[{"taxonomy":"product_brand","embeddable":true,"href":"https:\/\/deneigeurquebec.com\/index.php\/wp-json\/wp\/v2\/product_brand?post=15645"},{"taxonomy":"product_cat","embeddable":true,"href":"https:\/\/deneigeurquebec.com\/index.php\/wp-json\/wp\/v2\/product_cat?post=15645"},{"taxonomy":"product_tag","embeddable":true,"href":"https:\/\/deneigeurquebec.com\/index.php\/wp-json\/wp\/v2\/product_tag?post=15645"}],"curies":[{"name":"wp","href":"https:\/\/api.w.org\/{rel}","templated":true}]}}