{"id":15636,"date":"2025-05-15T10:47:15","date_gmt":"2025-05-15T10:47:15","guid":{"rendered":"https:\/\/deneigeurquebec.com\/?post_type=product&#038;p=15636"},"modified":"2025-05-15T10:47:15","modified_gmt":"2025-05-15T10:47:15","slug":"ego-z6-42-po-e-steer-electrique","status":"publish","type":"product","link":"https:\/\/deneigeurquebec.com\/index.php\/produit\/ego-z6-42-po-e-steer-electrique\/","title":{"rendered":"EGO Z6 \u2013 42 po \u2013 e-STEER\u2122 \u00e9lectrique"},"content":{"rendered":"<p class=\"\" data-start=\"413\" data-end=\"914\">D\u00e9couvrez la <strong data-start=\"426\" data-end=\"485\">tondeuse \u00e9lectrique EGO POWER+ Z6 e-STEER\u2122 de 42 pouces<\/strong>, une innovation unique qui combine <strong data-start=\"521\" data-end=\"547\">pr\u00e9cision de direction<\/strong> et <strong data-start=\"551\" data-end=\"577\">z\u00e9ro rayon de braquage<\/strong>. Gr\u00e2ce \u00e0 la <strong data-start=\"590\" data-end=\"614\">technologie e-STEER\u2122<\/strong>, elle se manie avec la pr\u00e9cision d\u2019un volant tout en tournant sur place comme une RBZ. Aliment\u00e9e par <strong data-start=\"716\" data-end=\"767\">quatre batteries ARC Lithium\u2122 de 56 V \u2013 12,0 Ah<\/strong>, cette tondeuse coupe jusqu\u2019\u00e0 <strong data-start=\"798\" data-end=\"831\">1 hectare en une seule charge<\/strong>, avec la possibilit\u00e9 d\u2019ajouter jusqu\u2019\u00e0 <strong data-start=\"871\" data-end=\"888\">six batteries<\/strong> pour \u00e9largir l\u2019autonomie.<\/p>\n<p class=\"\" data-start=\"916\" data-end=\"1306\">Dot\u00e9e de la <strong data-start=\"928\" data-end=\"955\">technologie Peak Power\u2122<\/strong>, elle d\u00e9livre une puissance \u00e9quivalente \u00e0 <strong data-start=\"998\" data-end=\"1007\">22 HP<\/strong>, sans le bruit, la chaleur ou les \u00e9missions d\u2019un moteur \u00e0 essence. Ses <strong data-start=\"1079\" data-end=\"1122\">quatre moteurs sans balais ind\u00e9pendants<\/strong> offrent des performances fluides et durables. Son <strong data-start=\"1173\" data-end=\"1200\">interface ACL intuitive<\/strong> vous permet de personnaliser votre exp\u00e9rience avec <strong data-start=\"1252\" data-end=\"1275\">3 modes de conduite<\/strong> : Contr\u00f4le, Standard ou Sport.<\/p>\n<p class=\"\" data-start=\"1308\" data-end=\"1580\">Avec sa <strong data-start=\"1316\" data-end=\"1360\">suspension de si\u00e8ge hydraulique r\u00e9glable<\/strong>, son <strong data-start=\"1366\" data-end=\"1395\">plateau de coupe de 42 po<\/strong>, ses <strong data-start=\"1401\" data-end=\"1451\">10 r\u00e9glages de hauteur de coupe (1,5 \u00e0 4,5 po)<\/strong> et ses <strong data-start=\"1459\" data-end=\"1524\">fonctions 3-en-1 (ensachage, d\u00e9chiquetage, \u00e9jection lat\u00e9rale)<\/strong>, elle offre un confort et une efficacit\u00e9 exceptionnels.<\/p>\n<p class=\"\" data-start=\"1582\" data-end=\"1900\">Ajoutez \u00e0 cela <strong data-start=\"1597\" data-end=\"1639\">Bluetooth, port USB, support t\u00e9l\u00e9phone<\/strong>, <strong data-start=\"1641\" data-end=\"1658\">32 phares DEL<\/strong> pour une visibilit\u00e9 compl\u00e8te et une <strong data-start=\"1695\" data-end=\"1741\">conception IPX4 r\u00e9sistante aux intemp\u00e9ries<\/strong>, cette tondeuse est aussi intelligente que robuste. Rechargez compl\u00e8tement les batteries incluses en seulement <strong data-start=\"1853\" data-end=\"1867\">2,5 heures<\/strong> gr\u00e2ce au <strong data-start=\"1877\" data-end=\"1899\">chargeur rapide Z6<\/strong>.<\/p>\n<p class=\"\" data-start=\"1902\" data-end=\"2001\"><strong data-start=\"1902\" data-end=\"1932\">Garantie compl\u00e8te de 5 ans<\/strong> sur la tondeuse, les batteries et le chargeur (avec enregistrement).<\/p>\n","protected":false},"excerpt":{"rendered":"<p>Volant e-STEER\u2122<br data-start=\"310\" data-end=\"313\" \/>Coupe 1 hectare<br data-start=\"328\" data-end=\"331\" \/>\u00c9lectrique 22 HP<br data-start=\"347\" data-end=\"350\" \/>Z\u00e9ro rayon<\/p>\n","protected":false},"featured_media":15634,"comment_status":"open","ping_status":"closed","template":"","meta":[],"product_brand":[],"product_cat":[71],"product_tag":[],"class_list":{"0":"post-15636","1":"product","2":"type-product","3":"status-publish","4":"has-post-thumbnail","6":"product_cat-tracteurs-a-gazon","8":"first","9":"instock","10":"shipping-taxable","11":"purchasable","12":"product-type-simple"},"yoast_head":"<!-- This site is optimized with the Yoast SEO Premium plugin v25.3.1 (Yoast SEO v25.3.1) - https:\/\/yoast.com\/wordpress\/plugins\/seo\/ -->\n<title>EGO Z6 \u2013 42 po \u2013 e-STEER\u2122 \u00e9lectrique - DENEIGEURQUEBEC<\/title>\n<meta name=\"robots\" content=\"index, follow, max-snippet:-1, max-image-preview:large, max-video-preview:-1\" \/>\n<link rel=\"canonical\" href=\"https:\/\/deneigeurquebec.com\/index.php\/produit\/ego-z6-42-po-e-steer-electrique\/\" \/>\n<meta property=\"og:locale\" content=\"fr_CA\" \/>\n<meta property=\"og:type\" content=\"article\" \/>\n<meta property=\"og:title\" content=\"EGO Z6 \u2013 42 po \u2013 e-STEER\u2122 \u00e9lectrique\" \/>\n<meta property=\"og:description\" content=\"Volant e-STEER\u2122Coupe 1 hectare\u00c9lectrique 22 HPZ\u00e9ro rayon\" \/>\n<meta property=\"og:url\" content=\"https:\/\/deneigeurquebec.com\/index.php\/produit\/ego-z6-42-po-e-steer-electrique\/\" \/>\n<meta property=\"og:site_name\" content=\"DENEIGEURQUEBEC\" \/>\n<meta property=\"og:image\" content=\"https:\/\/deneigeurquebec.com\/wp-content\/uploads\/2025\/05\/ZT4205S-EGO_1176x904-600x461-1.png\" \/>\n\t<meta property=\"og:image:width\" content=\"600\" \/>\n\t<meta property=\"og:image:height\" content=\"461\" \/>\n\t<meta property=\"og:image:type\" content=\"image\/png\" \/>\n<meta name=\"twitter:card\" content=\"summary_large_image\" \/>\n<meta name=\"twitter:label1\" content=\"Estimation du temps de lecture\" \/>\n\t<meta name=\"twitter:data1\" content=\"1 minute\" \/>\n<script type=\"application\/ld+json\" class=\"yoast-schema-graph\">{\"@context\":\"https:\/\/schema.org\",\"@graph\":[{\"@type\":\"WebPage\",\"@id\":\"https:\/\/deneigeurquebec.com\/index.php\/produit\/ego-z6-42-po-e-steer-electrique\/\",\"url\":\"https:\/\/deneigeurquebec.com\/index.php\/produit\/ego-z6-42-po-e-steer-electrique\/\",\"name\":\"EGO Z6 \u2013 42 po \u2013 e-STEER\u2122 \u00e9lectrique - DENEIGEURQUEBEC\",\"isPartOf\":{\"@id\":\"https:\/\/deneigeurquebec.com\/#website\"},\"primaryImageOfPage\":{\"@id\":\"https:\/\/deneigeurquebec.com\/index.php\/produit\/ego-z6-42-po-e-steer-electrique\/#primaryimage\"},\"image\":{\"@id\":\"https:\/\/deneigeurquebec.com\/index.php\/produit\/ego-z6-42-po-e-steer-electrique\/#primaryimage\"},\"thumbnailUrl\":\"https:\/\/deneigeurquebec.com\/wp-content\/uploads\/2025\/05\/ZT4205S-EGO_1176x904-600x461-1.png\",\"datePublished\":\"2025-05-15T10:47:15+00:00\",\"breadcrumb\":{\"@id\":\"https:\/\/deneigeurquebec.com\/index.php\/produit\/ego-z6-42-po-e-steer-electrique\/#breadcrumb\"},\"inLanguage\":\"fr-CA\",\"potentialAction\":[{\"@type\":\"ReadAction\",\"target\":[\"https:\/\/deneigeurquebec.com\/index.php\/produit\/ego-z6-42-po-e-steer-electrique\/\"]}]},{\"@type\":\"ImageObject\",\"inLanguage\":\"fr-CA\",\"@id\":\"https:\/\/deneigeurquebec.com\/index.php\/produit\/ego-z6-42-po-e-steer-electrique\/#primaryimage\",\"url\":\"https:\/\/deneigeurquebec.com\/wp-content\/uploads\/2025\/05\/ZT4205S-EGO_1176x904-600x461-1.png\",\"contentUrl\":\"https:\/\/deneigeurquebec.com\/wp-content\/uploads\/2025\/05\/ZT4205S-EGO_1176x904-600x461-1.png\",\"width\":600,\"height\":461},{\"@type\":\"BreadcrumbList\",\"@id\":\"https:\/\/deneigeurquebec.com\/index.php\/produit\/ego-z6-42-po-e-steer-electrique\/#breadcrumb\",\"itemListElement\":[{\"@type\":\"ListItem\",\"position\":1,\"name\":\"Accueil\",\"item\":\"https:\/\/deneigeurquebec.com\/\"},{\"@type\":\"ListItem\",\"position\":2,\"name\":\"Shop\",\"item\":\"https:\/\/deneigeurquebec.com\/index.php\/shop\/\"},{\"@type\":\"ListItem\",\"position\":3,\"name\":\"EGO Z6 \u2013 42 po \u2013 e-STEER\u2122 \u00e9lectrique\"}]},{\"@type\":\"WebSite\",\"@id\":\"https:\/\/deneigeurquebec.com\/#website\",\"url\":\"https:\/\/deneigeurquebec.com\/\",\"name\":\"DENEIGEURQUEBEC\",\"description\":\"PRODUITS HAUT DE GAMME\",\"publisher\":{\"@id\":\"https:\/\/deneigeurquebec.com\/#organization\"},\"potentialAction\":[{\"@type\":\"SearchAction\",\"target\":{\"@type\":\"EntryPoint\",\"urlTemplate\":\"https:\/\/deneigeurquebec.com\/?s={search_term_string}\"},\"query-input\":{\"@type\":\"PropertyValueSpecification\",\"valueRequired\":true,\"valueName\":\"search_term_string\"}}],\"inLanguage\":\"fr-CA\"},{\"@type\":\"Organization\",\"@id\":\"https:\/\/deneigeurquebec.com\/#organization\",\"name\":\"DENEIGEURQUEBEC\",\"url\":\"https:\/\/deneigeurquebec.com\/\",\"logo\":{\"@type\":\"ImageObject\",\"inLanguage\":\"fr-CA\",\"@id\":\"https:\/\/deneigeurquebec.com\/#\/schema\/logo\/image\/\",\"url\":\"https:\/\/deneigeurquebec.com\/wp-content\/uploads\/2025\/05\/Sans-titre-365-x-100-px-1.png\",\"contentUrl\":\"https:\/\/deneigeurquebec.com\/wp-content\/uploads\/2025\/05\/Sans-titre-365-x-100-px-1.png\",\"width\":365,\"height\":100,\"caption\":\"DENEIGEURQUEBEC\"},\"image\":{\"@id\":\"https:\/\/deneigeurquebec.com\/#\/schema\/logo\/image\/\"}}]}<\/script>\n<!-- \/ Yoast SEO Premium plugin. -->","yoast_head_json":{"title":"EGO Z6 \u2013 42 po \u2013 e-STEER\u2122 \u00e9lectrique - DENEIGEURQUEBEC","robots":{"index":"index","follow":"follow","max-snippet":"max-snippet:-1","max-image-preview":"max-image-preview:large","max-video-preview":"max-video-preview:-1"},"canonical":"https:\/\/deneigeurquebec.com\/index.php\/produit\/ego-z6-42-po-e-steer-electrique\/","og_locale":"fr_CA","og_type":"article","og_title":"EGO Z6 \u2013 42 po \u2013 e-STEER\u2122 \u00e9lectrique","og_description":"Volant e-STEER\u2122Coupe 1 hectare\u00c9lectrique 22 HPZ\u00e9ro rayon","og_url":"https:\/\/deneigeurquebec.com\/index.php\/produit\/ego-z6-42-po-e-steer-electrique\/","og_site_name":"DENEIGEURQUEBEC","og_image":[{"width":600,"height":461,"url":"https:\/\/deneigeurquebec.com\/wp-content\/uploads\/2025\/05\/ZT4205S-EGO_1176x904-600x461-1.png","type":"image\/png"}],"twitter_card":"summary_large_image","twitter_misc":{"Estimation du temps de lecture":"1 minute"},"schema":{"@context":"https:\/\/schema.org","@graph":[{"@type":"WebPage","@id":"https:\/\/deneigeurquebec.com\/index.php\/produit\/ego-z6-42-po-e-steer-electrique\/","url":"https:\/\/deneigeurquebec.com\/index.php\/produit\/ego-z6-42-po-e-steer-electrique\/","name":"EGO Z6 \u2013 42 po \u2013 e-STEER\u2122 \u00e9lectrique - DENEIGEURQUEBEC","isPartOf":{"@id":"https:\/\/deneigeurquebec.com\/#website"},"primaryImageOfPage":{"@id":"https:\/\/deneigeurquebec.com\/index.php\/produit\/ego-z6-42-po-e-steer-electrique\/#primaryimage"},"image":{"@id":"https:\/\/deneigeurquebec.com\/index.php\/produit\/ego-z6-42-po-e-steer-electrique\/#primaryimage"},"thumbnailUrl":"https:\/\/deneigeurquebec.com\/wp-content\/uploads\/2025\/05\/ZT4205S-EGO_1176x904-600x461-1.png","datePublished":"2025-05-15T10:47:15+00:00","breadcrumb":{"@id":"https:\/\/deneigeurquebec.com\/index.php\/produit\/ego-z6-42-po-e-steer-electrique\/#breadcrumb"},"inLanguage":"fr-CA","potentialAction":[{"@type":"ReadAction","target":["https:\/\/deneigeurquebec.com\/index.php\/produit\/ego-z6-42-po-e-steer-electrique\/"]}]},{"@type":"ImageObject","inLanguage":"fr-CA","@id":"https:\/\/deneigeurquebec.com\/index.php\/produit\/ego-z6-42-po-e-steer-electrique\/#primaryimage","url":"https:\/\/deneigeurquebec.com\/wp-content\/uploads\/2025\/05\/ZT4205S-EGO_1176x904-600x461-1.png","contentUrl":"https:\/\/deneigeurquebec.com\/wp-content\/uploads\/2025\/05\/ZT4205S-EGO_1176x904-600x461-1.png","width":600,"height":461},{"@type":"BreadcrumbList","@id":"https:\/\/deneigeurquebec.com\/index.php\/produit\/ego-z6-42-po-e-steer-electrique\/#breadcrumb","itemListElement":[{"@type":"ListItem","position":1,"name":"Accueil","item":"https:\/\/deneigeurquebec.com\/"},{"@type":"ListItem","position":2,"name":"Shop","item":"https:\/\/deneigeurquebec.com\/index.php\/shop\/"},{"@type":"ListItem","position":3,"name":"EGO Z6 \u2013 42 po \u2013 e-STEER\u2122 \u00e9lectrique"}]},{"@type":"WebSite","@id":"https:\/\/deneigeurquebec.com\/#website","url":"https:\/\/deneigeurquebec.com\/","name":"DENEIGEURQUEBEC","description":"PRODUITS HAUT DE GAMME","publisher":{"@id":"https:\/\/deneigeurquebec.com\/#organization"},"potentialAction":[{"@type":"SearchAction","target":{"@type":"EntryPoint","urlTemplate":"https:\/\/deneigeurquebec.com\/?s={search_term_string}"},"query-input":{"@type":"PropertyValueSpecification","valueRequired":true,"valueName":"search_term_string"}}],"inLanguage":"fr-CA"},{"@type":"Organization","@id":"https:\/\/deneigeurquebec.com\/#organization","name":"DENEIGEURQUEBEC","url":"https:\/\/deneigeurquebec.com\/","logo":{"@type":"ImageObject","inLanguage":"fr-CA","@id":"https:\/\/deneigeurquebec.com\/#\/schema\/logo\/image\/","url":"https:\/\/deneigeurquebec.com\/wp-content\/uploads\/2025\/05\/Sans-titre-365-x-100-px-1.png","contentUrl":"https:\/\/deneigeurquebec.com\/wp-content\/uploads\/2025\/05\/Sans-titre-365-x-100-px-1.png","width":365,"height":100,"caption":"DENEIGEURQUEBEC"},"image":{"@id":"https:\/\/deneigeurquebec.com\/#\/schema\/logo\/image\/"}}]}},"_links":{"self":[{"href":"https:\/\/deneigeurquebec.com\/index.php\/wp-json\/wp\/v2\/product\/15636","targetHints":{"allow":["GET"]}}],"collection":[{"href":"https:\/\/deneigeurquebec.com\/index.php\/wp-json\/wp\/v2\/product"}],"about":[{"href":"https:\/\/deneigeurquebec.com\/index.php\/wp-json\/wp\/v2\/types\/product"}],"replies":[{"embeddable":true,"href":"https:\/\/deneigeurquebec.com\/index.php\/wp-json\/wp\/v2\/comments?post=15636"}],"version-history":[{"count":2,"href":"https:\/\/deneigeurquebec.com\/index.php\/wp-json\/wp\/v2\/product\/15636\/revisions"}],"predecessor-version":[{"id":15638,"href":"https:\/\/deneigeurquebec.com\/index.php\/wp-json\/wp\/v2\/product\/15636\/revisions\/15638"}],"wp:featuredmedia":[{"embeddable":true,"href":"https:\/\/deneigeurquebec.com\/index.php\/wp-json\/wp\/v2\/media\/15634"}],"wp:attachment":[{"href":"https:\/\/deneigeurquebec.com\/index.php\/wp-json\/wp\/v2\/media?parent=15636"}],"wp:term":[{"taxonomy":"product_brand","embeddable":true,"href":"https:\/\/deneigeurquebec.com\/index.php\/wp-json\/wp\/v2\/product_brand?post=15636"},{"taxonomy":"product_cat","embeddable":true,"href":"https:\/\/deneigeurquebec.com\/index.php\/wp-json\/wp\/v2\/product_cat?post=15636"},{"taxonomy":"product_tag","embeddable":true,"href":"https:\/\/deneigeurquebec.com\/index.php\/wp-json\/wp\/v2\/product_tag?post=15636"}],"curies":[{"name":"wp","href":"https:\/\/api.w.org\/{rel}","templated":true}]}}