{"id":15592,"date":"2025-05-14T17:52:33","date_gmt":"2025-05-14T17:52:33","guid":{"rendered":"https:\/\/deneigeurquebec.com\/?post_type=product&#038;p=15592"},"modified":"2025-05-14T17:52:33","modified_gmt":"2025-05-14T17:52:33","slug":"tondeuse-autoportee-zero-turn-a-essence-24-hp-54-po-z7600","status":"publish","type":"product","link":"https:\/\/deneigeurquebec.com\/index.php\/produit\/tondeuse-autoportee-zero-turn-a-essence-24-hp-54-po-z7600\/","title":{"rendered":"Tondeuse autoport\u00e9e Zero-Turn \u00e0 essence 24 HP \u2013 54 po (Z7600)*"},"content":{"rendered":"<h4 class=\"\" data-start=\"189\" data-end=\"210\">Points forts :<\/h4>\n<ul data-start=\"212\" data-end=\"527\">\n<li class=\"\" data-start=\"212\" data-end=\"348\">\n<p class=\"\" data-start=\"214\" data-end=\"348\"><strong data-start=\"214\" data-end=\"240\">FACILIT\u00c9 D&rsquo;UTILISATION<\/strong> : Plateau de pied gauche et syst\u00e8me de broche magn\u00e9tique pour un r\u00e9glage facile parmi 15 hauteurs de coupe.<\/p>\n<\/li>\n<li class=\"\" data-start=\"349\" data-end=\"456\">\n<p class=\"\" data-start=\"351\" data-end=\"456\"><strong data-start=\"351\" data-end=\"371\">PLATEAU RENFORC\u00c9<\/strong> : Plateau de coupe renforc\u00e9 de 54 po, con\u00e7u pour r\u00e9sister aux conditions difficiles.<\/p>\n<\/li>\n<li class=\"\" data-start=\"457\" data-end=\"527\">\n<p class=\"\" data-start=\"459\" data-end=\"527\"><strong data-start=\"459\" data-end=\"473\">PHARES DEL<\/strong> : \u00c9clairent votre chemin en cas de faible luminosit\u00e9.<\/p>\n<\/li>\n<\/ul>\n<h4 class=\"\" data-start=\"529\" data-end=\"570\">\u2705 Caract\u00e9ristiques suppl\u00e9mentaires :<\/h4>\n<ul data-start=\"572\" data-end=\"1201\">\n<li class=\"\" data-start=\"572\" data-end=\"684\">\n<p class=\"\" data-start=\"574\" data-end=\"684\"><strong data-start=\"574\" data-end=\"597\">PERFORMANCE PREMIUM<\/strong> : Moteur puissant <strong data-start=\"616\" data-end=\"643\">Kohler\u00ae Pro KT735 24 HP<\/strong>* avec transmission <strong data-start=\"663\" data-end=\"683\">Tuff Torq TZ 350<\/strong>.<\/p>\n<\/li>\n<li class=\"\" data-start=\"685\" data-end=\"789\">\n<p class=\"\" data-start=\"687\" data-end=\"789\"><strong data-start=\"687\" data-end=\"714\">FABRIQU\u00c9 AUX \u00c9TATS-UNIS<\/strong> : Construit fi\u00e8rement avec des mat\u00e9riaux mondiaux \u00e0 <strong data-start=\"767\" data-end=\"788\">Martin, Tennessee<\/strong>.<\/p>\n<\/li>\n<li class=\"\" data-start=\"790\" data-end=\"884\">\n<p class=\"\" data-start=\"792\" data-end=\"884\"><strong data-start=\"792\" data-end=\"809\">SOUTIEN ASSIS<\/strong> : Si\u00e8ge haut de 20 po \u00e0 3 couleurs, avec accoudoirs et r\u00e9glage coulissant.<\/p>\n<\/li>\n<li class=\"\" data-start=\"885\" data-end=\"977\">\n<p class=\"\" data-start=\"887\" data-end=\"977\"><strong data-start=\"887\" data-end=\"906\">CONDUITE FLUIDE<\/strong> : Suspensions sur roues avant pour une exp\u00e9rience de tonte plus douce.<\/p>\n<\/li>\n<li class=\"\" data-start=\"978\" data-end=\"1109\">\n<p class=\"\" data-start=\"980\" data-end=\"1109\"><strong data-start=\"980\" data-end=\"1004\">CONTR\u00d4LE DE TRACTION<\/strong> : Pneus arri\u00e8re de 20 x 12 po con\u00e7us pour \u00e9viter les dommages au gazon et offrir une adh\u00e9rence optimale.<\/p>\n<\/li>\n<li class=\"\" data-start=\"1110\" data-end=\"1201\">\n<p class=\"\" data-start=\"1112\" data-end=\"1201\"><strong data-start=\"1112\" data-end=\"1123\">CONFORT<\/strong> : Tapis en caoutchouc absorbant les vibrations sous les pieds de l\u2019op\u00e9rateur.<\/p>\n<\/li>\n<\/ul>\n<hr class=\"\" data-start=\"1203\" data-end=\"1206\" \/>\n<h3 class=\"\" data-start=\"1208\" data-end=\"1243\"><strong data-start=\"1212\" data-end=\"1243\">Sp\u00e9cifications techniques :<\/strong><\/h3>\n<ul data-start=\"1245\" data-end=\"2355\">\n<li class=\"\" data-start=\"1245\" data-end=\"1280\">\n<p class=\"\" data-start=\"1247\" data-end=\"1280\"><strong data-start=\"1247\" data-end=\"1265\">Type de moteur<\/strong> : Bicylindre<\/p>\n<\/li>\n<li class=\"\" data-start=\"1281\" data-end=\"1339\">\n<p class=\"\" data-start=\"1283\" data-end=\"1339\"><strong data-start=\"1283\" data-end=\"1310\">Construction du plateau<\/strong> : Renforc\u00e9, acier fabriqu\u00e9<\/p>\n<\/li>\n<li class=\"\" data-start=\"1340\" data-end=\"1381\">\n<p class=\"\" data-start=\"1342\" data-end=\"1381\"><strong data-start=\"1342\" data-end=\"1366\">\u00c9paisseur du plateau<\/strong> : Calibre 11<\/p>\n<\/li>\n<li class=\"\" data-start=\"1382\" data-end=\"1448\">\n<p class=\"\" data-start=\"1384\" data-end=\"1448\"><strong data-start=\"1384\" data-end=\"1416\">M\u00e9thode de levage du plateau<\/strong> : P\u00e9dale et broche magn\u00e9tique<\/p>\n<\/li>\n<li class=\"\" data-start=\"1449\" data-end=\"1492\">\n<p class=\"\" data-start=\"1451\" data-end=\"1492\"><strong data-start=\"1451\" data-end=\"1482\">Largeur du plateau de coupe<\/strong> : 54 po<\/p>\n<\/li>\n<li class=\"\" data-start=\"1493\" data-end=\"1533\">\n<p class=\"\" data-start=\"1495\" data-end=\"1533\"><strong data-start=\"1495\" data-end=\"1526\">Nombre de hauteurs de coupe<\/strong> : 15<\/p>\n<\/li>\n<li class=\"\" data-start=\"1534\" data-end=\"1574\">\n<p class=\"\" data-start=\"1536\" data-end=\"1574\"><strong data-start=\"1536\" data-end=\"1556\">Hauteur de coupe<\/strong> : de 1 \u00e0 4,5 po<\/p>\n<\/li>\n<li class=\"\" data-start=\"1575\" data-end=\"1622\">\n<p class=\"\" data-start=\"1577\" data-end=\"1622\"><strong data-start=\"1577\" data-end=\"1607\">Engagement des lames (PTO)<\/strong> : \u00c9lectrique<\/p>\n<\/li>\n<li class=\"\" data-start=\"1623\" data-end=\"1660\">\n<p class=\"\" data-start=\"1625\" data-end=\"1660\"><strong data-start=\"1625\" data-end=\"1645\">Marque du moteur<\/strong> : Kohler PRO<\/p>\n<\/li>\n<li class=\"\" data-start=\"1661\" data-end=\"1686\">\n<p class=\"\" data-start=\"1663\" data-end=\"1686\"><strong data-start=\"1663\" data-end=\"1676\">Puissance<\/strong> : 24 HP<\/p>\n<\/li>\n<li class=\"\" data-start=\"1687\" data-end=\"1719\">\n<p class=\"\" data-start=\"1689\" data-end=\"1719\"><strong data-start=\"1689\" data-end=\"1706\">Vitesse avant<\/strong> : 7,5 mi\/h<\/p>\n<\/li>\n<li class=\"\" data-start=\"1720\" data-end=\"1764\">\n<p class=\"\" data-start=\"1722\" data-end=\"1764\"><strong data-start=\"1722\" data-end=\"1751\">Vitesse en marche arri\u00e8re<\/strong> : 3,5 mi\/h<\/p>\n<\/li>\n<li class=\"\" data-start=\"1765\" data-end=\"1803\">\n<p class=\"\" data-start=\"1767\" data-end=\"1803\"><strong data-start=\"1767\" data-end=\"1793\">Taille des roues avant<\/strong> : 11 po<\/p>\n<\/li>\n<li class=\"\" data-start=\"1804\" data-end=\"1844\">\n<p class=\"\" data-start=\"1806\" data-end=\"1844\"><strong data-start=\"1806\" data-end=\"1834\">Taille des roues arri\u00e8re<\/strong> : 20 po<\/p>\n<\/li>\n<li class=\"\" data-start=\"1845\" data-end=\"1885\">\n<p class=\"\" data-start=\"1847\" data-end=\"1885\"><strong data-start=\"1847\" data-end=\"1877\">Suspension des roues avant<\/strong> : Oui<\/p>\n<\/li>\n<li class=\"\" data-start=\"1886\" data-end=\"1912\">\n<p class=\"\" data-start=\"1888\" data-end=\"1912\"><strong data-start=\"1888\" data-end=\"1898\">Phares<\/strong> : Oui (DEL)<\/p>\n<\/li>\n<li class=\"\" data-start=\"1913\" data-end=\"1937\">\n<p class=\"\" data-start=\"1915\" data-end=\"1937\"><strong data-start=\"1915\" data-end=\"1929\">Accoudoirs<\/strong> : Oui<\/p>\n<\/li>\n<li class=\"\" data-start=\"1938\" data-end=\"1983\">\n<p class=\"\" data-start=\"1940\" data-end=\"1983\"><strong data-start=\"1940\" data-end=\"1949\">Si\u00e8ge<\/strong> : Dossier haut, 20 po, r\u00e9glable<\/p>\n<\/li>\n<li class=\"\" data-start=\"1984\" data-end=\"2014\">\n<p class=\"\" data-start=\"1986\" data-end=\"2014\"><strong data-start=\"1986\" data-end=\"2006\">Compteur horaire<\/strong> : Oui<\/p>\n<\/li>\n<li class=\"\" data-start=\"2015\" data-end=\"2055\">\n<p class=\"\" data-start=\"2017\" data-end=\"2055\"><strong data-start=\"2017\" data-end=\"2047\">Tapis de sol en caoutchouc<\/strong> : Oui<\/p>\n<\/li>\n<li class=\"\" data-start=\"2056\" data-end=\"2114\">\n<p class=\"\" data-start=\"2058\" data-end=\"2114\"><strong data-start=\"2058\" data-end=\"2082\">Type de transmission<\/strong> : Dual TZ 350 (Hydrostatique)<\/p>\n<\/li>\n<li class=\"\" data-start=\"2115\" data-end=\"2168\">\n<p class=\"\" data-start=\"2117\" data-end=\"2168\"><strong data-start=\"2117\" data-end=\"2142\">Capacit\u00e9 du r\u00e9servoir<\/strong> : 13,2 litres (3,5 gal)<\/p>\n<\/li>\n<li class=\"\" data-start=\"2169\" data-end=\"2217\">\n<p class=\"\" data-start=\"2171\" data-end=\"2217\"><strong data-start=\"2171\" data-end=\"2197\">Superficie recommand\u00e9e<\/strong> : Jusqu\u2019\u00e0 4 acres<\/p>\n<\/li>\n<li class=\"\" data-start=\"2218\" data-end=\"2269\">\n<p class=\"\" data-start=\"2220\" data-end=\"2269\"><strong data-start=\"2220\" data-end=\"2250\">Type de terrain recommand\u00e9<\/strong> : Pentes l\u00e9g\u00e8res<\/p>\n<\/li>\n<li class=\"\" data-start=\"2270\" data-end=\"2311\">\n<p class=\"\" data-start=\"2272\" data-end=\"2311\"><strong data-start=\"2272\" data-end=\"2293\">Garantie du cadre<\/strong> : 5 ans limit\u00e9e<\/p>\n<\/li>\n<li class=\"\" data-start=\"2312\" data-end=\"2355\">\n<p class=\"\" data-start=\"2314\" data-end=\"2355\"><strong data-start=\"2314\" data-end=\"2337\">Garantie du plateau<\/strong> : \u00c0 vie limit\u00e9e<\/p>\n<\/li>\n<\/ul>\n","protected":false},"excerpt":{"rendered":"<ul data-start=\"212\" data-end=\"527\">\n<li class=\"\" data-start=\"212\" data-end=\"348\">\n<p class=\"\" data-start=\"214\" data-end=\"348\"><strong data-start=\"214\" data-end=\"240\">FACILIT\u00c9 D&rsquo;UTILISATION<\/strong> : Plateau de pied gauche et syst\u00e8me de broche magn\u00e9tique pour un r\u00e9glage facile parmi 15 hauteurs de coupe.<\/p>\n<\/li>\n<li class=\"\" data-start=\"349\" data-end=\"456\">\n<p class=\"\" data-start=\"351\" data-end=\"456\"><strong data-start=\"351\" data-end=\"371\">PLATEAU RENFORC\u00c9<\/strong> : Plateau de coupe renforc\u00e9 de 54 po, con\u00e7u pour r\u00e9sister aux conditions difficiles.<\/p>\n<\/li>\n<li class=\"\" data-start=\"457\" data-end=\"527\">\n<p class=\"\" data-start=\"459\" data-end=\"527\"><strong data-start=\"459\" data-end=\"473\">PHARES DEL<\/strong> : \u00c9clairent votre chemin en cas de faible luminosit\u00e9.<\/p>\n<\/li>\n<\/ul>\n","protected":false},"featured_media":15602,"comment_status":"open","ping_status":"closed","template":"","meta":[],"product_brand":[],"product_cat":[71],"product_tag":[],"class_list":{"0":"post-15592","1":"product","2":"type-product","3":"status-publish","4":"has-post-thumbnail","6":"product_cat-tracteurs-a-gazon","8":"first","9":"instock","10":"shipping-taxable","11":"purchasable","12":"product-type-simple"},"yoast_head":"<!-- This site is optimized with the Yoast SEO Premium plugin v25.3.1 (Yoast SEO v25.3.1) - https:\/\/yoast.com\/wordpress\/plugins\/seo\/ -->\n<title>Tondeuse autoport\u00e9e Zero-Turn \u00e0 essence 24 HP \u2013 54 po (Z7600)* - DENEIGEURQUEBEC<\/title>\n<meta name=\"robots\" content=\"index, follow, max-snippet:-1, max-image-preview:large, max-video-preview:-1\" \/>\n<link rel=\"canonical\" href=\"https:\/\/deneigeurquebec.com\/index.php\/produit\/tondeuse-autoportee-zero-turn-a-essence-24-hp-54-po-z7600\/\" \/>\n<meta property=\"og:locale\" content=\"fr_CA\" \/>\n<meta property=\"og:type\" content=\"article\" \/>\n<meta property=\"og:title\" content=\"Tondeuse autoport\u00e9e Zero-Turn \u00e0 essence 24 HP \u2013 54 po (Z7600)*\" \/>\n<meta property=\"og:description\" content=\"FACILIT\u00c9 D&#039;UTILISATION : Plateau de pied gauche et syst\u00e8me de broche magn\u00e9tique pour un r\u00e9glage facile parmi 15 hauteurs de coupe.    PLATEAU RENFORC\u00c9 : Plateau de coupe renforc\u00e9 de 54 po, con\u00e7u pour r\u00e9sister aux conditions difficiles.    PHARES DEL : \u00c9clairent votre chemin en cas de faible luminosit\u00e9.\" \/>\n<meta property=\"og:url\" content=\"https:\/\/deneigeurquebec.com\/index.php\/produit\/tondeuse-autoportee-zero-turn-a-essence-24-hp-54-po-z7600\/\" \/>\n<meta property=\"og:site_name\" content=\"DENEIGEURQUEBEC\" \/>\n<meta property=\"og:image\" content=\"https:\/\/deneigeurquebec.com\/wp-content\/uploads\/2025\/05\/Ecomm_Large-CMGN231702_1.png\" \/>\n\t<meta property=\"og:image:width\" content=\"530\" \/>\n\t<meta property=\"og:image:height\" content=\"530\" \/>\n\t<meta property=\"og:image:type\" content=\"image\/png\" \/>\n<meta name=\"twitter:card\" content=\"summary_large_image\" \/>\n<meta name=\"twitter:label1\" content=\"Estimation du temps de lecture\" \/>\n\t<meta name=\"twitter:data1\" content=\"1 minute\" \/>\n<script type=\"application\/ld+json\" class=\"yoast-schema-graph\">{\"@context\":\"https:\/\/schema.org\",\"@graph\":[{\"@type\":\"WebPage\",\"@id\":\"https:\/\/deneigeurquebec.com\/index.php\/produit\/tondeuse-autoportee-zero-turn-a-essence-24-hp-54-po-z7600\/\",\"url\":\"https:\/\/deneigeurquebec.com\/index.php\/produit\/tondeuse-autoportee-zero-turn-a-essence-24-hp-54-po-z7600\/\",\"name\":\"Tondeuse autoport\u00e9e Zero-Turn \u00e0 essence 24 HP \u2013 54 po (Z7600)* - DENEIGEURQUEBEC\",\"isPartOf\":{\"@id\":\"https:\/\/deneigeurquebec.com\/#website\"},\"primaryImageOfPage\":{\"@id\":\"https:\/\/deneigeurquebec.com\/index.php\/produit\/tondeuse-autoportee-zero-turn-a-essence-24-hp-54-po-z7600\/#primaryimage\"},\"image\":{\"@id\":\"https:\/\/deneigeurquebec.com\/index.php\/produit\/tondeuse-autoportee-zero-turn-a-essence-24-hp-54-po-z7600\/#primaryimage\"},\"thumbnailUrl\":\"https:\/\/deneigeurquebec.com\/wp-content\/uploads\/2025\/05\/Ecomm_Large-CMGN231702_1.png\",\"datePublished\":\"2025-05-14T17:52:33+00:00\",\"breadcrumb\":{\"@id\":\"https:\/\/deneigeurquebec.com\/index.php\/produit\/tondeuse-autoportee-zero-turn-a-essence-24-hp-54-po-z7600\/#breadcrumb\"},\"inLanguage\":\"fr-CA\",\"potentialAction\":[{\"@type\":\"ReadAction\",\"target\":[\"https:\/\/deneigeurquebec.com\/index.php\/produit\/tondeuse-autoportee-zero-turn-a-essence-24-hp-54-po-z7600\/\"]}]},{\"@type\":\"ImageObject\",\"inLanguage\":\"fr-CA\",\"@id\":\"https:\/\/deneigeurquebec.com\/index.php\/produit\/tondeuse-autoportee-zero-turn-a-essence-24-hp-54-po-z7600\/#primaryimage\",\"url\":\"https:\/\/deneigeurquebec.com\/wp-content\/uploads\/2025\/05\/Ecomm_Large-CMGN231702_1.png\",\"contentUrl\":\"https:\/\/deneigeurquebec.com\/wp-content\/uploads\/2025\/05\/Ecomm_Large-CMGN231702_1.png\",\"width\":530,\"height\":530},{\"@type\":\"BreadcrumbList\",\"@id\":\"https:\/\/deneigeurquebec.com\/index.php\/produit\/tondeuse-autoportee-zero-turn-a-essence-24-hp-54-po-z7600\/#breadcrumb\",\"itemListElement\":[{\"@type\":\"ListItem\",\"position\":1,\"name\":\"Accueil\",\"item\":\"https:\/\/deneigeurquebec.com\/\"},{\"@type\":\"ListItem\",\"position\":2,\"name\":\"Shop\",\"item\":\"https:\/\/deneigeurquebec.com\/index.php\/shop\/\"},{\"@type\":\"ListItem\",\"position\":3,\"name\":\"Tondeuse autoport\u00e9e Zero-Turn \u00e0 essence 24 HP \u2013 54 po (Z7600)*\"}]},{\"@type\":\"WebSite\",\"@id\":\"https:\/\/deneigeurquebec.com\/#website\",\"url\":\"https:\/\/deneigeurquebec.com\/\",\"name\":\"DENEIGEURQUEBEC\",\"description\":\"PRODUITS HAUT DE GAMME\",\"publisher\":{\"@id\":\"https:\/\/deneigeurquebec.com\/#organization\"},\"potentialAction\":[{\"@type\":\"SearchAction\",\"target\":{\"@type\":\"EntryPoint\",\"urlTemplate\":\"https:\/\/deneigeurquebec.com\/?s={search_term_string}\"},\"query-input\":{\"@type\":\"PropertyValueSpecification\",\"valueRequired\":true,\"valueName\":\"search_term_string\"}}],\"inLanguage\":\"fr-CA\"},{\"@type\":\"Organization\",\"@id\":\"https:\/\/deneigeurquebec.com\/#organization\",\"name\":\"DENEIGEURQUEBEC\",\"url\":\"https:\/\/deneigeurquebec.com\/\",\"logo\":{\"@type\":\"ImageObject\",\"inLanguage\":\"fr-CA\",\"@id\":\"https:\/\/deneigeurquebec.com\/#\/schema\/logo\/image\/\",\"url\":\"https:\/\/deneigeurquebec.com\/wp-content\/uploads\/2025\/05\/Sans-titre-365-x-100-px-1.png\",\"contentUrl\":\"https:\/\/deneigeurquebec.com\/wp-content\/uploads\/2025\/05\/Sans-titre-365-x-100-px-1.png\",\"width\":365,\"height\":100,\"caption\":\"DENEIGEURQUEBEC\"},\"image\":{\"@id\":\"https:\/\/deneigeurquebec.com\/#\/schema\/logo\/image\/\"}}]}<\/script>\n<!-- \/ Yoast SEO Premium plugin. -->","yoast_head_json":{"title":"Tondeuse autoport\u00e9e Zero-Turn \u00e0 essence 24 HP \u2013 54 po (Z7600)* - DENEIGEURQUEBEC","robots":{"index":"index","follow":"follow","max-snippet":"max-snippet:-1","max-image-preview":"max-image-preview:large","max-video-preview":"max-video-preview:-1"},"canonical":"https:\/\/deneigeurquebec.com\/index.php\/produit\/tondeuse-autoportee-zero-turn-a-essence-24-hp-54-po-z7600\/","og_locale":"fr_CA","og_type":"article","og_title":"Tondeuse autoport\u00e9e Zero-Turn \u00e0 essence 24 HP \u2013 54 po (Z7600)*","og_description":"FACILIT\u00c9 D'UTILISATION : Plateau de pied gauche et syst\u00e8me de broche magn\u00e9tique pour un r\u00e9glage facile parmi 15 hauteurs de coupe.    PLATEAU RENFORC\u00c9 : Plateau de coupe renforc\u00e9 de 54 po, con\u00e7u pour r\u00e9sister aux conditions difficiles.    PHARES DEL : \u00c9clairent votre chemin en cas de faible luminosit\u00e9.","og_url":"https:\/\/deneigeurquebec.com\/index.php\/produit\/tondeuse-autoportee-zero-turn-a-essence-24-hp-54-po-z7600\/","og_site_name":"DENEIGEURQUEBEC","og_image":[{"width":530,"height":530,"url":"https:\/\/deneigeurquebec.com\/wp-content\/uploads\/2025\/05\/Ecomm_Large-CMGN231702_1.png","type":"image\/png"}],"twitter_card":"summary_large_image","twitter_misc":{"Estimation du temps de lecture":"1 minute"},"schema":{"@context":"https:\/\/schema.org","@graph":[{"@type":"WebPage","@id":"https:\/\/deneigeurquebec.com\/index.php\/produit\/tondeuse-autoportee-zero-turn-a-essence-24-hp-54-po-z7600\/","url":"https:\/\/deneigeurquebec.com\/index.php\/produit\/tondeuse-autoportee-zero-turn-a-essence-24-hp-54-po-z7600\/","name":"Tondeuse autoport\u00e9e Zero-Turn \u00e0 essence 24 HP \u2013 54 po (Z7600)* - DENEIGEURQUEBEC","isPartOf":{"@id":"https:\/\/deneigeurquebec.com\/#website"},"primaryImageOfPage":{"@id":"https:\/\/deneigeurquebec.com\/index.php\/produit\/tondeuse-autoportee-zero-turn-a-essence-24-hp-54-po-z7600\/#primaryimage"},"image":{"@id":"https:\/\/deneigeurquebec.com\/index.php\/produit\/tondeuse-autoportee-zero-turn-a-essence-24-hp-54-po-z7600\/#primaryimage"},"thumbnailUrl":"https:\/\/deneigeurquebec.com\/wp-content\/uploads\/2025\/05\/Ecomm_Large-CMGN231702_1.png","datePublished":"2025-05-14T17:52:33+00:00","breadcrumb":{"@id":"https:\/\/deneigeurquebec.com\/index.php\/produit\/tondeuse-autoportee-zero-turn-a-essence-24-hp-54-po-z7600\/#breadcrumb"},"inLanguage":"fr-CA","potentialAction":[{"@type":"ReadAction","target":["https:\/\/deneigeurquebec.com\/index.php\/produit\/tondeuse-autoportee-zero-turn-a-essence-24-hp-54-po-z7600\/"]}]},{"@type":"ImageObject","inLanguage":"fr-CA","@id":"https:\/\/deneigeurquebec.com\/index.php\/produit\/tondeuse-autoportee-zero-turn-a-essence-24-hp-54-po-z7600\/#primaryimage","url":"https:\/\/deneigeurquebec.com\/wp-content\/uploads\/2025\/05\/Ecomm_Large-CMGN231702_1.png","contentUrl":"https:\/\/deneigeurquebec.com\/wp-content\/uploads\/2025\/05\/Ecomm_Large-CMGN231702_1.png","width":530,"height":530},{"@type":"BreadcrumbList","@id":"https:\/\/deneigeurquebec.com\/index.php\/produit\/tondeuse-autoportee-zero-turn-a-essence-24-hp-54-po-z7600\/#breadcrumb","itemListElement":[{"@type":"ListItem","position":1,"name":"Accueil","item":"https:\/\/deneigeurquebec.com\/"},{"@type":"ListItem","position":2,"name":"Shop","item":"https:\/\/deneigeurquebec.com\/index.php\/shop\/"},{"@type":"ListItem","position":3,"name":"Tondeuse autoport\u00e9e Zero-Turn \u00e0 essence 24 HP \u2013 54 po (Z7600)*"}]},{"@type":"WebSite","@id":"https:\/\/deneigeurquebec.com\/#website","url":"https:\/\/deneigeurquebec.com\/","name":"DENEIGEURQUEBEC","description":"PRODUITS HAUT DE GAMME","publisher":{"@id":"https:\/\/deneigeurquebec.com\/#organization"},"potentialAction":[{"@type":"SearchAction","target":{"@type":"EntryPoint","urlTemplate":"https:\/\/deneigeurquebec.com\/?s={search_term_string}"},"query-input":{"@type":"PropertyValueSpecification","valueRequired":true,"valueName":"search_term_string"}}],"inLanguage":"fr-CA"},{"@type":"Organization","@id":"https:\/\/deneigeurquebec.com\/#organization","name":"DENEIGEURQUEBEC","url":"https:\/\/deneigeurquebec.com\/","logo":{"@type":"ImageObject","inLanguage":"fr-CA","@id":"https:\/\/deneigeurquebec.com\/#\/schema\/logo\/image\/","url":"https:\/\/deneigeurquebec.com\/wp-content\/uploads\/2025\/05\/Sans-titre-365-x-100-px-1.png","contentUrl":"https:\/\/deneigeurquebec.com\/wp-content\/uploads\/2025\/05\/Sans-titre-365-x-100-px-1.png","width":365,"height":100,"caption":"DENEIGEURQUEBEC"},"image":{"@id":"https:\/\/deneigeurquebec.com\/#\/schema\/logo\/image\/"}}]}},"_links":{"self":[{"href":"https:\/\/deneigeurquebec.com\/index.php\/wp-json\/wp\/v2\/product\/15592","targetHints":{"allow":["GET"]}}],"collection":[{"href":"https:\/\/deneigeurquebec.com\/index.php\/wp-json\/wp\/v2\/product"}],"about":[{"href":"https:\/\/deneigeurquebec.com\/index.php\/wp-json\/wp\/v2\/types\/product"}],"replies":[{"embeddable":true,"href":"https:\/\/deneigeurquebec.com\/index.php\/wp-json\/wp\/v2\/comments?post=15592"}],"version-history":[{"count":1,"href":"https:\/\/deneigeurquebec.com\/index.php\/wp-json\/wp\/v2\/product\/15592\/revisions"}],"predecessor-version":[{"id":15604,"href":"https:\/\/deneigeurquebec.com\/index.php\/wp-json\/wp\/v2\/product\/15592\/revisions\/15604"}],"wp:featuredmedia":[{"embeddable":true,"href":"https:\/\/deneigeurquebec.com\/index.php\/wp-json\/wp\/v2\/media\/15602"}],"wp:attachment":[{"href":"https:\/\/deneigeurquebec.com\/index.php\/wp-json\/wp\/v2\/media?parent=15592"}],"wp:term":[{"taxonomy":"product_brand","embeddable":true,"href":"https:\/\/deneigeurquebec.com\/index.php\/wp-json\/wp\/v2\/product_brand?post=15592"},{"taxonomy":"product_cat","embeddable":true,"href":"https:\/\/deneigeurquebec.com\/index.php\/wp-json\/wp\/v2\/product_cat?post=15592"},{"taxonomy":"product_tag","embeddable":true,"href":"https:\/\/deneigeurquebec.com\/index.php\/wp-json\/wp\/v2\/product_tag?post=15592"}],"curies":[{"name":"wp","href":"https:\/\/api.w.org\/{rel}","templated":true}]}}