{"id":15587,"date":"2025-05-14T19:50:26","date_gmt":"2025-05-14T19:50:26","guid":{"rendered":"https:\/\/deneigeurquebec.com\/?post_type=product&#038;p=15587"},"modified":"2025-05-14T19:50:27","modified_gmt":"2025-05-14T19:50:27","slug":"tondeuse-ego-z6-52-po-zero-rayon","status":"publish","type":"product","link":"https:\/\/deneigeurquebec.com\/index.php\/produit\/tondeuse-ego-z6-52-po-zero-rayon\/","title":{"rendered":"Tondeuse EGO Z6 \u2013 52 po \u2013 Z\u00e9ro rayon"},"content":{"rendered":"<p class=\"\" data-start=\"470\" data-end=\"759\">La <strong data-start=\"473\" data-end=\"512\">tondeuse EGO POWER+ Z6 de 52 pouces<\/strong> \u00e0 rayon de braquage z\u00e9ro red\u00e9finit la tonte \u00e9lectrique. Propuls\u00e9e par <strong data-start=\"583\" data-end=\"631\">six batteries ARC Lithium\u2122 de 56 V (12,0 Ah)<\/strong> incluses, elle atteint une puissance \u00e9quivalente \u00e0 <strong data-start=\"683\" data-end=\"692\">25 HP<\/strong>, permettant de <strong data-start=\"708\" data-end=\"738\">tondre jusqu\u2019\u00e0 1,6 hectare<\/strong> en une seule charge.<\/p>\n<p class=\"\" data-start=\"761\" data-end=\"1104\">Gr\u00e2ce \u00e0 sa <strong data-start=\"772\" data-end=\"810\">technologie exclusive Peak Power\u2122+<\/strong>, elle combine l&rsquo;\u00e9nergie de plusieurs batteries pour offrir une performance de haut niveau, sans essence, sans fum\u00e9e et avec un minimum d\u2019entretien. Con\u00e7ue avec <strong data-start=\"971\" data-end=\"1009\">5 moteurs sans balais ind\u00e9pendants<\/strong>, cette tondeuse assure une conduite fluide et une coupe pr\u00e9cise, m\u00eame sur de grandes surfaces.<\/p>\n<p class=\"\" data-start=\"1106\" data-end=\"1443\">La <strong data-start=\"1109\" data-end=\"1152\">plateforme 52 po en acier de calibre 10<\/strong> est ultra-r\u00e9sistante et vous offre trois options de coupe : <strong data-start=\"1213\" data-end=\"1261\">\u00e9jection lat\u00e9rale, d\u00e9chiquetage ou ensachage<\/strong>. Son <strong data-start=\"1267\" data-end=\"1294\">interface num\u00e9rique ACL<\/strong> vous permet de choisir entre <strong data-start=\"1324\" data-end=\"1375\">3 modes de conduite (Contr\u00f4le, Standard, Sport)<\/strong> et d&rsquo;ajuster la <strong data-start=\"1392\" data-end=\"1442\">hauteur de coupe sur 10 niveaux (1,5 \u00e0 4,5 po)<\/strong>.<\/p>\n<p class=\"\" data-start=\"1445\" data-end=\"1739\">Confort et connectivit\u00e9 sont au rendez-vous : <strong data-start=\"1491\" data-end=\"1523\">suspension de si\u00e8ge r\u00e9glable<\/strong>, <strong data-start=\"1525\" data-end=\"1537\">port USB<\/strong>, <strong data-start=\"1539\" data-end=\"1552\">Bluetooth<\/strong>, <strong data-start=\"1554\" data-end=\"1574\">phare DEL \u00e0 360\u00b0<\/strong>, <strong data-start=\"1576\" data-end=\"1602\">support pour t\u00e9l\u00e9phone<\/strong>, et <strong data-start=\"1607\" data-end=\"1653\">conception IPX4 r\u00e9sistante aux intemp\u00e9ries<\/strong>. Le tout se recharge en seulement <strong data-start=\"1688\" data-end=\"1700\">4 heures<\/strong> avec le <strong data-start=\"1709\" data-end=\"1738\">chargeur rapide Z6 inclus<\/strong>.<\/p>\n<p class=\"\" data-start=\"1741\" data-end=\"1835\">Garantie compl\u00e8te de <strong data-start=\"1762\" data-end=\"1813\">5 ans sur l\u2019outil, les batteries et le chargeur<\/strong>, avec enregistrement.<\/p>\n","protected":false},"excerpt":{"rendered":"<p>Puissance \u00e9lectrique<br data-start=\"364\" data-end=\"367\" \/>Coupe rapide<br data-start=\"379\" data-end=\"382\" \/>Technologie PeakPower\u2122<br data-start=\"404\" data-end=\"407\" \/>Rayon z\u00e9ro<\/p>\n","protected":false},"featured_media":15614,"comment_status":"open","ping_status":"closed","template":"","meta":[],"product_brand":[],"product_cat":[71],"product_tag":[],"class_list":{"0":"post-15587","1":"product","2":"type-product","3":"status-publish","4":"has-post-thumbnail","6":"product_cat-tracteurs-a-gazon","8":"first","9":"instock","10":"shipping-taxable","11":"purchasable","12":"product-type-simple"},"yoast_head":"<!-- This site is optimized with the Yoast SEO Premium plugin v25.3.1 (Yoast SEO v25.3.1) - https:\/\/yoast.com\/wordpress\/plugins\/seo\/ -->\n<title>Tondeuse EGO Z6 \u2013 52 po \u2013 Z\u00e9ro rayon - DENEIGEURQUEBEC<\/title>\n<meta name=\"robots\" content=\"index, follow, max-snippet:-1, max-image-preview:large, max-video-preview:-1\" \/>\n<link rel=\"canonical\" href=\"https:\/\/deneigeurquebec.com\/index.php\/produit\/tondeuse-ego-z6-52-po-zero-rayon\/\" \/>\n<meta property=\"og:locale\" content=\"fr_CA\" \/>\n<meta property=\"og:type\" content=\"article\" \/>\n<meta property=\"og:title\" content=\"Tondeuse EGO Z6 \u2013 52 po \u2013 Z\u00e9ro rayon\" \/>\n<meta property=\"og:description\" content=\"Puissance \u00e9lectriqueCoupe rapideTechnologie PeakPower\u2122Rayon z\u00e9ro\" \/>\n<meta property=\"og:url\" content=\"https:\/\/deneigeurquebec.com\/index.php\/produit\/tondeuse-ego-z6-52-po-zero-rayon\/\" \/>\n<meta property=\"og:site_name\" content=\"DENEIGEURQUEBEC\" \/>\n<meta property=\"article:modified_time\" content=\"2025-05-14T19:50:27+00:00\" \/>\n<meta property=\"og:image\" content=\"https:\/\/deneigeurquebec.com\/wp-content\/uploads\/2025\/05\/ZT5207L-EGO_1176x904-600x461-1.png\" \/>\n\t<meta property=\"og:image:width\" content=\"600\" \/>\n\t<meta property=\"og:image:height\" content=\"461\" \/>\n\t<meta property=\"og:image:type\" content=\"image\/png\" \/>\n<meta name=\"twitter:card\" content=\"summary_large_image\" \/>\n<meta name=\"twitter:label1\" content=\"Estimation du temps de lecture\" \/>\n\t<meta name=\"twitter:data1\" content=\"1 minute\" \/>\n<script type=\"application\/ld+json\" class=\"yoast-schema-graph\">{\"@context\":\"https:\/\/schema.org\",\"@graph\":[{\"@type\":\"WebPage\",\"@id\":\"https:\/\/deneigeurquebec.com\/index.php\/produit\/tondeuse-ego-z6-52-po-zero-rayon\/\",\"url\":\"https:\/\/deneigeurquebec.com\/index.php\/produit\/tondeuse-ego-z6-52-po-zero-rayon\/\",\"name\":\"Tondeuse EGO Z6 \u2013 52 po \u2013 Z\u00e9ro rayon - DENEIGEURQUEBEC\",\"isPartOf\":{\"@id\":\"https:\/\/deneigeurquebec.com\/#website\"},\"primaryImageOfPage\":{\"@id\":\"https:\/\/deneigeurquebec.com\/index.php\/produit\/tondeuse-ego-z6-52-po-zero-rayon\/#primaryimage\"},\"image\":{\"@id\":\"https:\/\/deneigeurquebec.com\/index.php\/produit\/tondeuse-ego-z6-52-po-zero-rayon\/#primaryimage\"},\"thumbnailUrl\":\"https:\/\/deneigeurquebec.com\/wp-content\/uploads\/2025\/05\/ZT5207L-EGO_1176x904-600x461-1.png\",\"datePublished\":\"2025-05-14T19:50:26+00:00\",\"dateModified\":\"2025-05-14T19:50:27+00:00\",\"breadcrumb\":{\"@id\":\"https:\/\/deneigeurquebec.com\/index.php\/produit\/tondeuse-ego-z6-52-po-zero-rayon\/#breadcrumb\"},\"inLanguage\":\"fr-CA\",\"potentialAction\":[{\"@type\":\"ReadAction\",\"target\":[\"https:\/\/deneigeurquebec.com\/index.php\/produit\/tondeuse-ego-z6-52-po-zero-rayon\/\"]}]},{\"@type\":\"ImageObject\",\"inLanguage\":\"fr-CA\",\"@id\":\"https:\/\/deneigeurquebec.com\/index.php\/produit\/tondeuse-ego-z6-52-po-zero-rayon\/#primaryimage\",\"url\":\"https:\/\/deneigeurquebec.com\/wp-content\/uploads\/2025\/05\/ZT5207L-EGO_1176x904-600x461-1.png\",\"contentUrl\":\"https:\/\/deneigeurquebec.com\/wp-content\/uploads\/2025\/05\/ZT5207L-EGO_1176x904-600x461-1.png\",\"width\":600,\"height\":461},{\"@type\":\"BreadcrumbList\",\"@id\":\"https:\/\/deneigeurquebec.com\/index.php\/produit\/tondeuse-ego-z6-52-po-zero-rayon\/#breadcrumb\",\"itemListElement\":[{\"@type\":\"ListItem\",\"position\":1,\"name\":\"Accueil\",\"item\":\"https:\/\/deneigeurquebec.com\/\"},{\"@type\":\"ListItem\",\"position\":2,\"name\":\"Shop\",\"item\":\"https:\/\/deneigeurquebec.com\/index.php\/shop\/\"},{\"@type\":\"ListItem\",\"position\":3,\"name\":\"Tondeuse EGO Z6 \u2013 52 po \u2013 Z\u00e9ro rayon\"}]},{\"@type\":\"WebSite\",\"@id\":\"https:\/\/deneigeurquebec.com\/#website\",\"url\":\"https:\/\/deneigeurquebec.com\/\",\"name\":\"DENEIGEURQUEBEC\",\"description\":\"PRODUITS HAUT DE GAMME\",\"publisher\":{\"@id\":\"https:\/\/deneigeurquebec.com\/#organization\"},\"potentialAction\":[{\"@type\":\"SearchAction\",\"target\":{\"@type\":\"EntryPoint\",\"urlTemplate\":\"https:\/\/deneigeurquebec.com\/?s={search_term_string}\"},\"query-input\":{\"@type\":\"PropertyValueSpecification\",\"valueRequired\":true,\"valueName\":\"search_term_string\"}}],\"inLanguage\":\"fr-CA\"},{\"@type\":\"Organization\",\"@id\":\"https:\/\/deneigeurquebec.com\/#organization\",\"name\":\"DENEIGEURQUEBEC\",\"url\":\"https:\/\/deneigeurquebec.com\/\",\"logo\":{\"@type\":\"ImageObject\",\"inLanguage\":\"fr-CA\",\"@id\":\"https:\/\/deneigeurquebec.com\/#\/schema\/logo\/image\/\",\"url\":\"https:\/\/deneigeurquebec.com\/wp-content\/uploads\/2025\/05\/Sans-titre-365-x-100-px-1.png\",\"contentUrl\":\"https:\/\/deneigeurquebec.com\/wp-content\/uploads\/2025\/05\/Sans-titre-365-x-100-px-1.png\",\"width\":365,\"height\":100,\"caption\":\"DENEIGEURQUEBEC\"},\"image\":{\"@id\":\"https:\/\/deneigeurquebec.com\/#\/schema\/logo\/image\/\"}}]}<\/script>\n<!-- \/ Yoast SEO Premium plugin. -->","yoast_head_json":{"title":"Tondeuse EGO Z6 \u2013 52 po \u2013 Z\u00e9ro rayon - DENEIGEURQUEBEC","robots":{"index":"index","follow":"follow","max-snippet":"max-snippet:-1","max-image-preview":"max-image-preview:large","max-video-preview":"max-video-preview:-1"},"canonical":"https:\/\/deneigeurquebec.com\/index.php\/produit\/tondeuse-ego-z6-52-po-zero-rayon\/","og_locale":"fr_CA","og_type":"article","og_title":"Tondeuse EGO Z6 \u2013 52 po \u2013 Z\u00e9ro rayon","og_description":"Puissance \u00e9lectriqueCoupe rapideTechnologie PeakPower\u2122Rayon z\u00e9ro","og_url":"https:\/\/deneigeurquebec.com\/index.php\/produit\/tondeuse-ego-z6-52-po-zero-rayon\/","og_site_name":"DENEIGEURQUEBEC","article_modified_time":"2025-05-14T19:50:27+00:00","og_image":[{"width":600,"height":461,"url":"https:\/\/deneigeurquebec.com\/wp-content\/uploads\/2025\/05\/ZT5207L-EGO_1176x904-600x461-1.png","type":"image\/png"}],"twitter_card":"summary_large_image","twitter_misc":{"Estimation du temps de lecture":"1 minute"},"schema":{"@context":"https:\/\/schema.org","@graph":[{"@type":"WebPage","@id":"https:\/\/deneigeurquebec.com\/index.php\/produit\/tondeuse-ego-z6-52-po-zero-rayon\/","url":"https:\/\/deneigeurquebec.com\/index.php\/produit\/tondeuse-ego-z6-52-po-zero-rayon\/","name":"Tondeuse EGO Z6 \u2013 52 po \u2013 Z\u00e9ro rayon - DENEIGEURQUEBEC","isPartOf":{"@id":"https:\/\/deneigeurquebec.com\/#website"},"primaryImageOfPage":{"@id":"https:\/\/deneigeurquebec.com\/index.php\/produit\/tondeuse-ego-z6-52-po-zero-rayon\/#primaryimage"},"image":{"@id":"https:\/\/deneigeurquebec.com\/index.php\/produit\/tondeuse-ego-z6-52-po-zero-rayon\/#primaryimage"},"thumbnailUrl":"https:\/\/deneigeurquebec.com\/wp-content\/uploads\/2025\/05\/ZT5207L-EGO_1176x904-600x461-1.png","datePublished":"2025-05-14T19:50:26+00:00","dateModified":"2025-05-14T19:50:27+00:00","breadcrumb":{"@id":"https:\/\/deneigeurquebec.com\/index.php\/produit\/tondeuse-ego-z6-52-po-zero-rayon\/#breadcrumb"},"inLanguage":"fr-CA","potentialAction":[{"@type":"ReadAction","target":["https:\/\/deneigeurquebec.com\/index.php\/produit\/tondeuse-ego-z6-52-po-zero-rayon\/"]}]},{"@type":"ImageObject","inLanguage":"fr-CA","@id":"https:\/\/deneigeurquebec.com\/index.php\/produit\/tondeuse-ego-z6-52-po-zero-rayon\/#primaryimage","url":"https:\/\/deneigeurquebec.com\/wp-content\/uploads\/2025\/05\/ZT5207L-EGO_1176x904-600x461-1.png","contentUrl":"https:\/\/deneigeurquebec.com\/wp-content\/uploads\/2025\/05\/ZT5207L-EGO_1176x904-600x461-1.png","width":600,"height":461},{"@type":"BreadcrumbList","@id":"https:\/\/deneigeurquebec.com\/index.php\/produit\/tondeuse-ego-z6-52-po-zero-rayon\/#breadcrumb","itemListElement":[{"@type":"ListItem","position":1,"name":"Accueil","item":"https:\/\/deneigeurquebec.com\/"},{"@type":"ListItem","position":2,"name":"Shop","item":"https:\/\/deneigeurquebec.com\/index.php\/shop\/"},{"@type":"ListItem","position":3,"name":"Tondeuse EGO Z6 \u2013 52 po \u2013 Z\u00e9ro rayon"}]},{"@type":"WebSite","@id":"https:\/\/deneigeurquebec.com\/#website","url":"https:\/\/deneigeurquebec.com\/","name":"DENEIGEURQUEBEC","description":"PRODUITS HAUT DE GAMME","publisher":{"@id":"https:\/\/deneigeurquebec.com\/#organization"},"potentialAction":[{"@type":"SearchAction","target":{"@type":"EntryPoint","urlTemplate":"https:\/\/deneigeurquebec.com\/?s={search_term_string}"},"query-input":{"@type":"PropertyValueSpecification","valueRequired":true,"valueName":"search_term_string"}}],"inLanguage":"fr-CA"},{"@type":"Organization","@id":"https:\/\/deneigeurquebec.com\/#organization","name":"DENEIGEURQUEBEC","url":"https:\/\/deneigeurquebec.com\/","logo":{"@type":"ImageObject","inLanguage":"fr-CA","@id":"https:\/\/deneigeurquebec.com\/#\/schema\/logo\/image\/","url":"https:\/\/deneigeurquebec.com\/wp-content\/uploads\/2025\/05\/Sans-titre-365-x-100-px-1.png","contentUrl":"https:\/\/deneigeurquebec.com\/wp-content\/uploads\/2025\/05\/Sans-titre-365-x-100-px-1.png","width":365,"height":100,"caption":"DENEIGEURQUEBEC"},"image":{"@id":"https:\/\/deneigeurquebec.com\/#\/schema\/logo\/image\/"}}]}},"_links":{"self":[{"href":"https:\/\/deneigeurquebec.com\/index.php\/wp-json\/wp\/v2\/product\/15587","targetHints":{"allow":["GET"]}}],"collection":[{"href":"https:\/\/deneigeurquebec.com\/index.php\/wp-json\/wp\/v2\/product"}],"about":[{"href":"https:\/\/deneigeurquebec.com\/index.php\/wp-json\/wp\/v2\/types\/product"}],"replies":[{"embeddable":true,"href":"https:\/\/deneigeurquebec.com\/index.php\/wp-json\/wp\/v2\/comments?post=15587"}],"version-history":[{"count":1,"href":"https:\/\/deneigeurquebec.com\/index.php\/wp-json\/wp\/v2\/product\/15587\/revisions"}],"predecessor-version":[{"id":15615,"href":"https:\/\/deneigeurquebec.com\/index.php\/wp-json\/wp\/v2\/product\/15587\/revisions\/15615"}],"wp:featuredmedia":[{"embeddable":true,"href":"https:\/\/deneigeurquebec.com\/index.php\/wp-json\/wp\/v2\/media\/15614"}],"wp:attachment":[{"href":"https:\/\/deneigeurquebec.com\/index.php\/wp-json\/wp\/v2\/media?parent=15587"}],"wp:term":[{"taxonomy":"product_brand","embeddable":true,"href":"https:\/\/deneigeurquebec.com\/index.php\/wp-json\/wp\/v2\/product_brand?post=15587"},{"taxonomy":"product_cat","embeddable":true,"href":"https:\/\/deneigeurquebec.com\/index.php\/wp-json\/wp\/v2\/product_cat?post=15587"},{"taxonomy":"product_tag","embeddable":true,"href":"https:\/\/deneigeurquebec.com\/index.php\/wp-json\/wp\/v2\/product_tag?post=15587"}],"curies":[{"name":"wp","href":"https:\/\/api.w.org\/{rel}","templated":true}]}}