{"id":15576,"date":"2025-05-14T17:15:57","date_gmt":"2025-05-14T17:15:57","guid":{"rendered":"https:\/\/deneigeurquebec.com\/?post_type=product&#038;p=15576"},"modified":"2025-05-14T17:15:57","modified_gmt":"2025-05-14T17:15:57","slug":"tracteur-tondeuse-troy-bilt-pony-36b-115-hp-91-cm","status":"publish","type":"product","link":"https:\/\/deneigeurquebec.com\/index.php\/produit\/tracteur-tondeuse-troy-bilt-pony-36b-115-hp-91-cm\/","title":{"rendered":"Tracteur tondeuse Troy-Bilt Pony 36B \u2013 11,5 HP, 91 cm"},"content":{"rendered":"<p class=\"\" data-start=\"478\" data-end=\"1935\">\u2022 \u00c9quip\u00e9 d&rsquo;un moteur tr\u00e8s performant Briggs &amp; Stratton 11,5 HP qui a \u00e9t\u00e9 mis \u00e0 l&rsquo;\u00e9preuve pour assurer un d\u00e9marrage fiable, m\u00eame dans des conditions m\u00e9t\u00e9orologiques d\u00e9favorables<br data-start=\"654\" data-end=\"657\" \/>\u2022 Muni d\u2019un plateau de coupe de 91 cm (36 po), facile \u00e0 man\u0153uvrer dans les espaces restreints et peut \u00eatre facilement rang\u00e9<br data-start=\"780\" data-end=\"783\" \/>\u2022 Tableau de bord avec transmission de 7 vitesses int\u00e9gr\u00e9e qui est visible et ajustable<br data-start=\"870\" data-end=\"873\" \/>\u2022 Carrosserie de conception \u00abStep-Thru\u00bb qui vous permet de monter et descendre plus facilement en offrant plus d\u2019espace pour les jambes<br data-start=\"1008\" data-end=\"1011\" \/>\u2022 Vous permet de garder votre pelouse en bonne sant\u00e9 en broyant l&rsquo;herbe coup\u00e9e avec la trousse de broyage (comprise) pour \u00e9viter la formation de chaume et retourner les nutriments dans le sol (\u00e9jection lat\u00e9rale vendue s\u00e9par\u00e9ment)<br data-start=\"1240\" data-end=\"1243\" \/>\u2022 Permet l&rsquo;utilisation d&rsquo;un ensacheur arri\u00e8re (vendus s\u00e9par\u00e9ment) pour ramasser l&rsquo;herbe coup\u00e9e et les feuilles pour le compostage ou l\u2019ensachage, facilitant le nettoyage du jardin<br data-start=\"1422\" data-end=\"1425\" \/>\u2022 Muni d&rsquo;un attelage arri\u00e8re vous permettant de tirer facilement les chariots de jardin, les pulv\u00e9risateurs et les \u00e9pandeurs (accessoires vendus s\u00e9par\u00e9ment)<br data-start=\"1581\" data-end=\"1584\" \/>\u2022 Travaillez en tout confort avec moins de vibrations gr\u00e2ce au volant \u00e0 prise souple Soft Touch(MC) et au si\u00e8ge \u00e0 dossier moyen<br data-start=\"1711\" data-end=\"1714\" \/>\u2022 Gardez le contr\u00f4le avec une navigation plus facile autour des bordures de paysage et des obstacles gr\u00e2ce \u00e0 son rayon de braquage de 46 cm (18 po)<br data-start=\"1861\" data-end=\"1864\" \/>\u2022 Fournit la fonction de tonte vers arri\u00e8re activ\u00e9e par l\u2019utilisateur<\/p>\n<p class=\"\" data-start=\"1937\" data-end=\"2345\">Le tracteur TB36 Troy-Bilt est compact et prend moins de place de rangement. Il est parfait pour l\u2019entretien de petites superficies et son plateau de coupe de 36 pouces est facile \u00e0 man\u0153uvrer. Le moteur Briggs &amp; Stratton de 344 cm\u00b3 est puissant et fiable. La batterie AGM compacte a une longue dur\u00e9e de vie et permet un d\u00e9marrage fiable. Vous pouvez compter sur Troy-Bilt pour l\u2019entretien de votre propri\u00e9t\u00e9.<\/p>\n<hr class=\"\" data-start=\"2347\" data-end=\"2350\" \/>\n","protected":false},"excerpt":{"rendered":"<p>Moteur puissant<br data-start=\"311\" data-end=\"314\" \/>Briggs &amp; Stratton<br data-start=\"331\" data-end=\"334\" \/>Plateau 91\u202fcm<br data-start=\"347\" data-end=\"350\" \/>7 vitesses<br data-start=\"360\" data-end=\"363\" \/>Confort optimal<br data-start=\"378\" data-end=\"381\" \/>Rayon serr\u00e9<br data-start=\"392\" data-end=\"395\" \/>Tonte arri\u00e8re<br data-start=\"408\" data-end=\"411\" \/>Attelage inclus<\/p>\n","protected":false},"featured_media":15577,"comment_status":"open","ping_status":"closed","template":"","meta":[],"product_brand":[],"product_cat":[71],"product_tag":[],"class_list":{"0":"post-15576","1":"product","2":"type-product","3":"status-publish","4":"has-post-thumbnail","6":"product_cat-tracteurs-a-gazon","8":"first","9":"instock","10":"shipping-taxable","11":"purchasable","12":"product-type-simple"},"yoast_head":"<!-- This site is optimized with the Yoast SEO Premium plugin v25.3.1 (Yoast SEO v25.3.1) - https:\/\/yoast.com\/wordpress\/plugins\/seo\/ -->\n<title>Tracteur tondeuse Troy-Bilt Pony 36B \u2013 11,5 HP, 91 cm - DENEIGEURQUEBEC<\/title>\n<meta name=\"robots\" content=\"index, follow, max-snippet:-1, max-image-preview:large, max-video-preview:-1\" \/>\n<link rel=\"canonical\" href=\"https:\/\/deneigeurquebec.com\/index.php\/produit\/tracteur-tondeuse-troy-bilt-pony-36b-115-hp-91-cm\/\" \/>\n<meta property=\"og:locale\" content=\"fr_CA\" \/>\n<meta property=\"og:type\" content=\"article\" \/>\n<meta property=\"og:title\" content=\"Tracteur tondeuse Troy-Bilt Pony 36B \u2013 11,5 HP, 91 cm\" \/>\n<meta property=\"og:description\" content=\"Moteur puissantBriggs &amp; StrattonPlateau 91\u202fcm7 vitessesConfort optimalRayon serr\u00e9Tonte arri\u00e8reAttelage inclus\" \/>\n<meta property=\"og:url\" content=\"https:\/\/deneigeurquebec.com\/index.php\/produit\/tracteur-tondeuse-troy-bilt-pony-36b-115-hp-91-cm\/\" \/>\n<meta property=\"og:site_name\" content=\"DENEIGEURQUEBEC\" \/>\n<meta property=\"og:image\" content=\"https:\/\/deneigeurquebec.com\/wp-content\/uploads\/2025\/05\/001-6480_001.png\" \/>\n\t<meta property=\"og:image:width\" content=\"560\" \/>\n\t<meta property=\"og:image:height\" content=\"560\" \/>\n\t<meta property=\"og:image:type\" content=\"image\/png\" \/>\n<meta name=\"twitter:card\" content=\"summary_large_image\" \/>\n<meta name=\"twitter:label1\" content=\"Estimation du temps de lecture\" \/>\n\t<meta name=\"twitter:data1\" content=\"2 minutes\" \/>\n<script type=\"application\/ld+json\" class=\"yoast-schema-graph\">{\"@context\":\"https:\/\/schema.org\",\"@graph\":[{\"@type\":\"WebPage\",\"@id\":\"https:\/\/deneigeurquebec.com\/index.php\/produit\/tracteur-tondeuse-troy-bilt-pony-36b-115-hp-91-cm\/\",\"url\":\"https:\/\/deneigeurquebec.com\/index.php\/produit\/tracteur-tondeuse-troy-bilt-pony-36b-115-hp-91-cm\/\",\"name\":\"Tracteur tondeuse Troy-Bilt Pony 36B \u2013 11,5 HP, 91 cm - DENEIGEURQUEBEC\",\"isPartOf\":{\"@id\":\"https:\/\/deneigeurquebec.com\/#website\"},\"primaryImageOfPage\":{\"@id\":\"https:\/\/deneigeurquebec.com\/index.php\/produit\/tracteur-tondeuse-troy-bilt-pony-36b-115-hp-91-cm\/#primaryimage\"},\"image\":{\"@id\":\"https:\/\/deneigeurquebec.com\/index.php\/produit\/tracteur-tondeuse-troy-bilt-pony-36b-115-hp-91-cm\/#primaryimage\"},\"thumbnailUrl\":\"https:\/\/deneigeurquebec.com\/wp-content\/uploads\/2025\/05\/001-6480_001.png\",\"datePublished\":\"2025-05-14T17:15:57+00:00\",\"breadcrumb\":{\"@id\":\"https:\/\/deneigeurquebec.com\/index.php\/produit\/tracteur-tondeuse-troy-bilt-pony-36b-115-hp-91-cm\/#breadcrumb\"},\"inLanguage\":\"fr-CA\",\"potentialAction\":[{\"@type\":\"ReadAction\",\"target\":[\"https:\/\/deneigeurquebec.com\/index.php\/produit\/tracteur-tondeuse-troy-bilt-pony-36b-115-hp-91-cm\/\"]}]},{\"@type\":\"ImageObject\",\"inLanguage\":\"fr-CA\",\"@id\":\"https:\/\/deneigeurquebec.com\/index.php\/produit\/tracteur-tondeuse-troy-bilt-pony-36b-115-hp-91-cm\/#primaryimage\",\"url\":\"https:\/\/deneigeurquebec.com\/wp-content\/uploads\/2025\/05\/001-6480_001.png\",\"contentUrl\":\"https:\/\/deneigeurquebec.com\/wp-content\/uploads\/2025\/05\/001-6480_001.png\",\"width\":560,\"height\":560},{\"@type\":\"BreadcrumbList\",\"@id\":\"https:\/\/deneigeurquebec.com\/index.php\/produit\/tracteur-tondeuse-troy-bilt-pony-36b-115-hp-91-cm\/#breadcrumb\",\"itemListElement\":[{\"@type\":\"ListItem\",\"position\":1,\"name\":\"Accueil\",\"item\":\"https:\/\/deneigeurquebec.com\/\"},{\"@type\":\"ListItem\",\"position\":2,\"name\":\"Shop\",\"item\":\"https:\/\/deneigeurquebec.com\/index.php\/shop\/\"},{\"@type\":\"ListItem\",\"position\":3,\"name\":\"Tracteur tondeuse Troy-Bilt Pony 36B \u2013 11,5 HP, 91 cm\"}]},{\"@type\":\"WebSite\",\"@id\":\"https:\/\/deneigeurquebec.com\/#website\",\"url\":\"https:\/\/deneigeurquebec.com\/\",\"name\":\"DENEIGEURQUEBEC\",\"description\":\"PRODUITS HAUT DE GAMME\",\"publisher\":{\"@id\":\"https:\/\/deneigeurquebec.com\/#organization\"},\"potentialAction\":[{\"@type\":\"SearchAction\",\"target\":{\"@type\":\"EntryPoint\",\"urlTemplate\":\"https:\/\/deneigeurquebec.com\/?s={search_term_string}\"},\"query-input\":{\"@type\":\"PropertyValueSpecification\",\"valueRequired\":true,\"valueName\":\"search_term_string\"}}],\"inLanguage\":\"fr-CA\"},{\"@type\":\"Organization\",\"@id\":\"https:\/\/deneigeurquebec.com\/#organization\",\"name\":\"DENEIGEURQUEBEC\",\"url\":\"https:\/\/deneigeurquebec.com\/\",\"logo\":{\"@type\":\"ImageObject\",\"inLanguage\":\"fr-CA\",\"@id\":\"https:\/\/deneigeurquebec.com\/#\/schema\/logo\/image\/\",\"url\":\"https:\/\/deneigeurquebec.com\/wp-content\/uploads\/2025\/05\/Sans-titre-365-x-100-px-1.png\",\"contentUrl\":\"https:\/\/deneigeurquebec.com\/wp-content\/uploads\/2025\/05\/Sans-titre-365-x-100-px-1.png\",\"width\":365,\"height\":100,\"caption\":\"DENEIGEURQUEBEC\"},\"image\":{\"@id\":\"https:\/\/deneigeurquebec.com\/#\/schema\/logo\/image\/\"}}]}<\/script>\n<!-- \/ Yoast SEO Premium plugin. -->","yoast_head_json":{"title":"Tracteur tondeuse Troy-Bilt Pony 36B \u2013 11,5 HP, 91 cm - DENEIGEURQUEBEC","robots":{"index":"index","follow":"follow","max-snippet":"max-snippet:-1","max-image-preview":"max-image-preview:large","max-video-preview":"max-video-preview:-1"},"canonical":"https:\/\/deneigeurquebec.com\/index.php\/produit\/tracteur-tondeuse-troy-bilt-pony-36b-115-hp-91-cm\/","og_locale":"fr_CA","og_type":"article","og_title":"Tracteur tondeuse Troy-Bilt Pony 36B \u2013 11,5 HP, 91 cm","og_description":"Moteur puissantBriggs &amp; StrattonPlateau 91\u202fcm7 vitessesConfort optimalRayon serr\u00e9Tonte arri\u00e8reAttelage inclus","og_url":"https:\/\/deneigeurquebec.com\/index.php\/produit\/tracteur-tondeuse-troy-bilt-pony-36b-115-hp-91-cm\/","og_site_name":"DENEIGEURQUEBEC","og_image":[{"width":560,"height":560,"url":"https:\/\/deneigeurquebec.com\/wp-content\/uploads\/2025\/05\/001-6480_001.png","type":"image\/png"}],"twitter_card":"summary_large_image","twitter_misc":{"Estimation du temps de lecture":"2 minutes"},"schema":{"@context":"https:\/\/schema.org","@graph":[{"@type":"WebPage","@id":"https:\/\/deneigeurquebec.com\/index.php\/produit\/tracteur-tondeuse-troy-bilt-pony-36b-115-hp-91-cm\/","url":"https:\/\/deneigeurquebec.com\/index.php\/produit\/tracteur-tondeuse-troy-bilt-pony-36b-115-hp-91-cm\/","name":"Tracteur tondeuse Troy-Bilt Pony 36B \u2013 11,5 HP, 91 cm - DENEIGEURQUEBEC","isPartOf":{"@id":"https:\/\/deneigeurquebec.com\/#website"},"primaryImageOfPage":{"@id":"https:\/\/deneigeurquebec.com\/index.php\/produit\/tracteur-tondeuse-troy-bilt-pony-36b-115-hp-91-cm\/#primaryimage"},"image":{"@id":"https:\/\/deneigeurquebec.com\/index.php\/produit\/tracteur-tondeuse-troy-bilt-pony-36b-115-hp-91-cm\/#primaryimage"},"thumbnailUrl":"https:\/\/deneigeurquebec.com\/wp-content\/uploads\/2025\/05\/001-6480_001.png","datePublished":"2025-05-14T17:15:57+00:00","breadcrumb":{"@id":"https:\/\/deneigeurquebec.com\/index.php\/produit\/tracteur-tondeuse-troy-bilt-pony-36b-115-hp-91-cm\/#breadcrumb"},"inLanguage":"fr-CA","potentialAction":[{"@type":"ReadAction","target":["https:\/\/deneigeurquebec.com\/index.php\/produit\/tracteur-tondeuse-troy-bilt-pony-36b-115-hp-91-cm\/"]}]},{"@type":"ImageObject","inLanguage":"fr-CA","@id":"https:\/\/deneigeurquebec.com\/index.php\/produit\/tracteur-tondeuse-troy-bilt-pony-36b-115-hp-91-cm\/#primaryimage","url":"https:\/\/deneigeurquebec.com\/wp-content\/uploads\/2025\/05\/001-6480_001.png","contentUrl":"https:\/\/deneigeurquebec.com\/wp-content\/uploads\/2025\/05\/001-6480_001.png","width":560,"height":560},{"@type":"BreadcrumbList","@id":"https:\/\/deneigeurquebec.com\/index.php\/produit\/tracteur-tondeuse-troy-bilt-pony-36b-115-hp-91-cm\/#breadcrumb","itemListElement":[{"@type":"ListItem","position":1,"name":"Accueil","item":"https:\/\/deneigeurquebec.com\/"},{"@type":"ListItem","position":2,"name":"Shop","item":"https:\/\/deneigeurquebec.com\/index.php\/shop\/"},{"@type":"ListItem","position":3,"name":"Tracteur tondeuse Troy-Bilt Pony 36B \u2013 11,5 HP, 91 cm"}]},{"@type":"WebSite","@id":"https:\/\/deneigeurquebec.com\/#website","url":"https:\/\/deneigeurquebec.com\/","name":"DENEIGEURQUEBEC","description":"PRODUITS HAUT DE GAMME","publisher":{"@id":"https:\/\/deneigeurquebec.com\/#organization"},"potentialAction":[{"@type":"SearchAction","target":{"@type":"EntryPoint","urlTemplate":"https:\/\/deneigeurquebec.com\/?s={search_term_string}"},"query-input":{"@type":"PropertyValueSpecification","valueRequired":true,"valueName":"search_term_string"}}],"inLanguage":"fr-CA"},{"@type":"Organization","@id":"https:\/\/deneigeurquebec.com\/#organization","name":"DENEIGEURQUEBEC","url":"https:\/\/deneigeurquebec.com\/","logo":{"@type":"ImageObject","inLanguage":"fr-CA","@id":"https:\/\/deneigeurquebec.com\/#\/schema\/logo\/image\/","url":"https:\/\/deneigeurquebec.com\/wp-content\/uploads\/2025\/05\/Sans-titre-365-x-100-px-1.png","contentUrl":"https:\/\/deneigeurquebec.com\/wp-content\/uploads\/2025\/05\/Sans-titre-365-x-100-px-1.png","width":365,"height":100,"caption":"DENEIGEURQUEBEC"},"image":{"@id":"https:\/\/deneigeurquebec.com\/#\/schema\/logo\/image\/"}}]}},"_links":{"self":[{"href":"https:\/\/deneigeurquebec.com\/index.php\/wp-json\/wp\/v2\/product\/15576","targetHints":{"allow":["GET"]}}],"collection":[{"href":"https:\/\/deneigeurquebec.com\/index.php\/wp-json\/wp\/v2\/product"}],"about":[{"href":"https:\/\/deneigeurquebec.com\/index.php\/wp-json\/wp\/v2\/types\/product"}],"replies":[{"embeddable":true,"href":"https:\/\/deneigeurquebec.com\/index.php\/wp-json\/wp\/v2\/comments?post=15576"}],"version-history":[{"count":1,"href":"https:\/\/deneigeurquebec.com\/index.php\/wp-json\/wp\/v2\/product\/15576\/revisions"}],"predecessor-version":[{"id":15578,"href":"https:\/\/deneigeurquebec.com\/index.php\/wp-json\/wp\/v2\/product\/15576\/revisions\/15578"}],"wp:featuredmedia":[{"embeddable":true,"href":"https:\/\/deneigeurquebec.com\/index.php\/wp-json\/wp\/v2\/media\/15577"}],"wp:attachment":[{"href":"https:\/\/deneigeurquebec.com\/index.php\/wp-json\/wp\/v2\/media?parent=15576"}],"wp:term":[{"taxonomy":"product_brand","embeddable":true,"href":"https:\/\/deneigeurquebec.com\/index.php\/wp-json\/wp\/v2\/product_brand?post=15576"},{"taxonomy":"product_cat","embeddable":true,"href":"https:\/\/deneigeurquebec.com\/index.php\/wp-json\/wp\/v2\/product_cat?post=15576"},{"taxonomy":"product_tag","embeddable":true,"href":"https:\/\/deneigeurquebec.com\/index.php\/wp-json\/wp\/v2\/product_tag?post=15576"}],"curies":[{"name":"wp","href":"https:\/\/api.w.org\/{rel}","templated":true}]}}