{"id":15772,"date":"2025-05-16T12:53:20","date_gmt":"2025-05-16T12:53:20","guid":{"rendered":"https:\/\/deneigeurquebec.com\/?page_id=15772"},"modified":"2025-05-16T15:48:03","modified_gmt":"2025-05-16T15:48:03","slug":"securite-des-paiements","status":"publish","type":"page","link":"https:\/\/deneigeurquebec.com\/index.php\/securite-des-paiements\/","title":{"rendered":"S\u00e9curit\u00e9 des paiements"},"content":{"rendered":"\t\t<div data-elementor-type=\"wp-page\" data-elementor-id=\"15772\" class=\"elementor elementor-15772\">\n\t\t\t\t<div class=\"wd-negative-gap elementor-element elementor-element-5164c00 e-flex e-con-boxed e-con e-parent\" data-id=\"5164c00\" data-element_type=\"container\">\n\t\t\t\t\t<div class=\"e-con-inner\">\n\t\t\t\t<div class=\"elementor-element elementor-element-33ce950 elementor-widget elementor-widget-wd_text_block\" data-id=\"33ce950\" data-element_type=\"widget\" data-widget_type=\"wd_text_block.default\">\n\t\t\t\t<div class=\"elementor-widget-container\">\n\t\t\t\t\t\t\t<div class=\"wd-text-block reset-last-child text-left\">\n\t\t\t\n\t\t\t<!DOCTYPE html>\n<html lang=\"fr\">\n<head>\n  <meta charset=\"UTF-8\">\n  <title>S\u00e9curit\u00e9 de paiement | Services De Tracteur<\/title>\n  <style>\n    body {\n      font-family: Arial, sans-serif;\n      max-width: 900px;\n      margin: auto;\n      padding: 40px 20px;\n      background-color: #f9f9f9;\n      color: #333;\n    }\n    h1 {\n      color: #001848;\n      text-align: center;\n    }\n    h2 {\n      color: #001848;\n      margin-top: 30px;\n    }\n  <\/style>\n<\/head>\n<body>\n\n  <h1>S\u00e9curit\u00e9 de paiement<\/h1>\n\n  <p>\n    Chez <strong>Services De Tracteur<\/strong>, la s\u00e9curit\u00e9 de vos transactions est une priorit\u00e9 absolue. Nous mettons en place des mesures rigoureuses pour prot\u00e9ger vos informations personnelles et bancaires lors de chaque paiement.\n  <\/p>\n\n  <h2>1. Paiement en ligne s\u00e9curis\u00e9<\/h2>\n  <p>\n    Tous les paiements effectu\u00e9s sur notre site sont trait\u00e9s via une plateforme de paiement s\u00e9curis\u00e9e utilisant le protocole SSL (Secure Socket Layer). Cela garantit que vos donn\u00e9es sont crypt\u00e9es et prot\u00e9g\u00e9es contre tout acc\u00e8s non autoris\u00e9.\n  <\/p>\n\n  <h2>2. M\u00e9thodes de paiement accept\u00e9es<\/h2>\n  <p>\n    Nous acceptons plusieurs m\u00e9thodes de paiement fiables et reconnues :\n    <ul>\n      <li>\ud83d\udcb3 Carte de cr\u00e9dit (Visa, Mastercard, etc.)<\/li>\n      <li>\ud83d\udcbb Virement Interac<\/li>\n      \n    <\/ul>\n  <\/p>\n\n  <h2>3. Aucune donn\u00e9e bancaire stock\u00e9e<\/h2>\n  <p>\n    Pour votre protection, nous ne stockons jamais vos informations bancaires sur nos serveurs. Toutes les transactions sont g\u00e9r\u00e9es par un fournisseur de paiement conforme aux normes PCI DSS.\n  <\/p>\n\n  <h2>4. Protection contre la fraude<\/h2>\n  <p>\n    Nous surveillons activement les activit\u00e9s suspectes et nous r\u00e9servons le droit de suspendre ou de v\u00e9rifier une commande en cas de doute sur sa l\u00e9gitimit\u00e9, pour votre s\u00e9curit\u00e9.\n  <\/p>\n\n  <h2>5. Assistance en cas de probl\u00e8me<\/h2>\n  <p>\n    Si vous avez une question ou un doute concernant un paiement, notre \u00e9quipe est disponible pour vous aider. N'h\u00e9sitez pas \u00e0 nous contacter :\n  <\/p>\n\n  <p>\n    \ud83d\udce7 <a href=\"mailto:info@deneigeurquebec.ca\">info@deneigeurquebec.ca<\/a><br>\n    \ud83d\udcde (450) 782-9090\n  <\/p>\n\n<\/body>\n<\/html>\n\n\t\t\t\t\t<\/div>\n\t\t\t\t\t\t<\/div>\n\t\t\t\t<\/div>\n\t\t\t\t\t<\/div>\n\t\t\t\t<\/div>\n\t\t\t\t<\/div>\n\t\t","protected":false},"excerpt":{"rendered":"<p>S\u00e9curit\u00e9 de paiement | Services De Tracteur S\u00e9curit\u00e9 de paiement Chez Services De Tracteur, la s\u00e9curit\u00e9 de vos transactions est<\/p>\n","protected":false},"author":1,"featured_media":0,"parent":0,"menu_order":0,"comment_status":"closed","ping_status":"closed","template":"","meta":{"footnotes":""},"class_list":["post-15772","page","type-page","status-publish","hentry"],"yoast_head":"<!-- This site is optimized with the Yoast SEO Premium plugin v25.3.1 (Yoast SEO v25.3.1) - https:\/\/yoast.com\/wordpress\/plugins\/seo\/ -->\n<title>S\u00e9curit\u00e9 des paiements - DENEIGEURQUEBEC<\/title>\n<meta name=\"robots\" content=\"index, follow, max-snippet:-1, max-image-preview:large, max-video-preview:-1\" \/>\n<link rel=\"canonical\" href=\"https:\/\/deneigeurquebec.com\/index.php\/securite-des-paiements\/\" \/>\n<meta property=\"og:locale\" content=\"fr_CA\" \/>\n<meta property=\"og:type\" content=\"article\" \/>\n<meta property=\"og:title\" content=\"S\u00e9curit\u00e9 des paiements\" \/>\n<meta property=\"og:description\" content=\"S\u00e9curit\u00e9 de paiement | Services De Tracteur S\u00e9curit\u00e9 de paiement Chez Services De Tracteur, la s\u00e9curit\u00e9 de vos transactions est\" \/>\n<meta property=\"og:url\" content=\"https:\/\/deneigeurquebec.com\/index.php\/securite-des-paiements\/\" \/>\n<meta property=\"og:site_name\" content=\"DENEIGEURQUEBEC\" \/>\n<meta property=\"article:modified_time\" content=\"2025-05-16T15:48:03+00:00\" \/>\n<meta name=\"twitter:card\" content=\"summary_large_image\" \/>\n<meta name=\"twitter:label1\" content=\"Estimation du temps de lecture\" \/>\n\t<meta name=\"twitter:data1\" content=\"1 minute\" \/>\n<script type=\"application\/ld+json\" class=\"yoast-schema-graph\">{\"@context\":\"https:\/\/schema.org\",\"@graph\":[{\"@type\":\"WebPage\",\"@id\":\"https:\/\/deneigeurquebec.com\/index.php\/securite-des-paiements\/\",\"url\":\"https:\/\/deneigeurquebec.com\/index.php\/securite-des-paiements\/\",\"name\":\"S\u00e9curit\u00e9 des paiements - DENEIGEURQUEBEC\",\"isPartOf\":{\"@id\":\"https:\/\/deneigeurquebec.com\/#website\"},\"datePublished\":\"2025-05-16T12:53:20+00:00\",\"dateModified\":\"2025-05-16T15:48:03+00:00\",\"breadcrumb\":{\"@id\":\"https:\/\/deneigeurquebec.com\/index.php\/securite-des-paiements\/#breadcrumb\"},\"inLanguage\":\"fr-CA\",\"potentialAction\":[{\"@type\":\"ReadAction\",\"target\":[\"https:\/\/deneigeurquebec.com\/index.php\/securite-des-paiements\/\"]}]},{\"@type\":\"BreadcrumbList\",\"@id\":\"https:\/\/deneigeurquebec.com\/index.php\/securite-des-paiements\/#breadcrumb\",\"itemListElement\":[{\"@type\":\"ListItem\",\"position\":1,\"name\":\"Accueil\",\"item\":\"https:\/\/deneigeurquebec.com\/\"},{\"@type\":\"ListItem\",\"position\":2,\"name\":\"S\u00e9curit\u00e9 des paiements\"}]},{\"@type\":\"WebSite\",\"@id\":\"https:\/\/deneigeurquebec.com\/#website\",\"url\":\"https:\/\/deneigeurquebec.com\/\",\"name\":\"DENEIGEURQUEBEC\",\"description\":\"PRODUITS HAUT DE GAMME\",\"publisher\":{\"@id\":\"https:\/\/deneigeurquebec.com\/#organization\"},\"potentialAction\":[{\"@type\":\"SearchAction\",\"target\":{\"@type\":\"EntryPoint\",\"urlTemplate\":\"https:\/\/deneigeurquebec.com\/?s={search_term_string}\"},\"query-input\":{\"@type\":\"PropertyValueSpecification\",\"valueRequired\":true,\"valueName\":\"search_term_string\"}}],\"inLanguage\":\"fr-CA\"},{\"@type\":\"Organization\",\"@id\":\"https:\/\/deneigeurquebec.com\/#organization\",\"name\":\"DENEIGEURQUEBEC\",\"url\":\"https:\/\/deneigeurquebec.com\/\",\"logo\":{\"@type\":\"ImageObject\",\"inLanguage\":\"fr-CA\",\"@id\":\"https:\/\/deneigeurquebec.com\/#\/schema\/logo\/image\/\",\"url\":\"https:\/\/deneigeurquebec.com\/wp-content\/uploads\/2025\/05\/Sans-titre-365-x-100-px-1.png\",\"contentUrl\":\"https:\/\/deneigeurquebec.com\/wp-content\/uploads\/2025\/05\/Sans-titre-365-x-100-px-1.png\",\"width\":365,\"height\":100,\"caption\":\"DENEIGEURQUEBEC\"},\"image\":{\"@id\":\"https:\/\/deneigeurquebec.com\/#\/schema\/logo\/image\/\"}}]}<\/script>\n<!-- \/ Yoast SEO Premium plugin. -->","yoast_head_json":{"title":"S\u00e9curit\u00e9 des paiements - DENEIGEURQUEBEC","robots":{"index":"index","follow":"follow","max-snippet":"max-snippet:-1","max-image-preview":"max-image-preview:large","max-video-preview":"max-video-preview:-1"},"canonical":"https:\/\/deneigeurquebec.com\/index.php\/securite-des-paiements\/","og_locale":"fr_CA","og_type":"article","og_title":"S\u00e9curit\u00e9 des paiements","og_description":"S\u00e9curit\u00e9 de paiement | Services De Tracteur S\u00e9curit\u00e9 de paiement Chez Services De Tracteur, la s\u00e9curit\u00e9 de vos transactions est","og_url":"https:\/\/deneigeurquebec.com\/index.php\/securite-des-paiements\/","og_site_name":"DENEIGEURQUEBEC","article_modified_time":"2025-05-16T15:48:03+00:00","twitter_card":"summary_large_image","twitter_misc":{"Estimation du temps de lecture":"1 minute"},"schema":{"@context":"https:\/\/schema.org","@graph":[{"@type":"WebPage","@id":"https:\/\/deneigeurquebec.com\/index.php\/securite-des-paiements\/","url":"https:\/\/deneigeurquebec.com\/index.php\/securite-des-paiements\/","name":"S\u00e9curit\u00e9 des paiements - DENEIGEURQUEBEC","isPartOf":{"@id":"https:\/\/deneigeurquebec.com\/#website"},"datePublished":"2025-05-16T12:53:20+00:00","dateModified":"2025-05-16T15:48:03+00:00","breadcrumb":{"@id":"https:\/\/deneigeurquebec.com\/index.php\/securite-des-paiements\/#breadcrumb"},"inLanguage":"fr-CA","potentialAction":[{"@type":"ReadAction","target":["https:\/\/deneigeurquebec.com\/index.php\/securite-des-paiements\/"]}]},{"@type":"BreadcrumbList","@id":"https:\/\/deneigeurquebec.com\/index.php\/securite-des-paiements\/#breadcrumb","itemListElement":[{"@type":"ListItem","position":1,"name":"Accueil","item":"https:\/\/deneigeurquebec.com\/"},{"@type":"ListItem","position":2,"name":"S\u00e9curit\u00e9 des paiements"}]},{"@type":"WebSite","@id":"https:\/\/deneigeurquebec.com\/#website","url":"https:\/\/deneigeurquebec.com\/","name":"DENEIGEURQUEBEC","description":"PRODUITS HAUT DE GAMME","publisher":{"@id":"https:\/\/deneigeurquebec.com\/#organization"},"potentialAction":[{"@type":"SearchAction","target":{"@type":"EntryPoint","urlTemplate":"https:\/\/deneigeurquebec.com\/?s={search_term_string}"},"query-input":{"@type":"PropertyValueSpecification","valueRequired":true,"valueName":"search_term_string"}}],"inLanguage":"fr-CA"},{"@type":"Organization","@id":"https:\/\/deneigeurquebec.com\/#organization","name":"DENEIGEURQUEBEC","url":"https:\/\/deneigeurquebec.com\/","logo":{"@type":"ImageObject","inLanguage":"fr-CA","@id":"https:\/\/deneigeurquebec.com\/#\/schema\/logo\/image\/","url":"https:\/\/deneigeurquebec.com\/wp-content\/uploads\/2025\/05\/Sans-titre-365-x-100-px-1.png","contentUrl":"https:\/\/deneigeurquebec.com\/wp-content\/uploads\/2025\/05\/Sans-titre-365-x-100-px-1.png","width":365,"height":100,"caption":"DENEIGEURQUEBEC"},"image":{"@id":"https:\/\/deneigeurquebec.com\/#\/schema\/logo\/image\/"}}]}},"_links":{"self":[{"href":"https:\/\/deneigeurquebec.com\/index.php\/wp-json\/wp\/v2\/pages\/15772","targetHints":{"allow":["GET"]}}],"collection":[{"href":"https:\/\/deneigeurquebec.com\/index.php\/wp-json\/wp\/v2\/pages"}],"about":[{"href":"https:\/\/deneigeurquebec.com\/index.php\/wp-json\/wp\/v2\/types\/page"}],"author":[{"embeddable":true,"href":"https:\/\/deneigeurquebec.com\/index.php\/wp-json\/wp\/v2\/users\/1"}],"replies":[{"embeddable":true,"href":"https:\/\/deneigeurquebec.com\/index.php\/wp-json\/wp\/v2\/comments?post=15772"}],"version-history":[{"count":4,"href":"https:\/\/deneigeurquebec.com\/index.php\/wp-json\/wp\/v2\/pages\/15772\/revisions"}],"predecessor-version":[{"id":15814,"href":"https:\/\/deneigeurquebec.com\/index.php\/wp-json\/wp\/v2\/pages\/15772\/revisions\/15814"}],"wp:attachment":[{"href":"https:\/\/deneigeurquebec.com\/index.php\/wp-json\/wp\/v2\/media?parent=15772"}],"curies":[{"name":"wp","href":"https:\/\/api.w.org\/{rel}","templated":true}]}}